{"id":5752,"date":"2018-10-22T13:48:34","date_gmt":"2018-10-22T13:48:34","guid":{"rendered":"https:\/\/www.ekko-wp.com\/?page_id=5752"},"modified":"2024-05-17T15:11:49","modified_gmt":"2024-05-17T12:11:49","slug":"iletisim","status":"publish","type":"page","link":"https:\/\/konesta.com\/en\/iletisim\/","title":{"rendered":"Contact"},"content":{"rendered":"<section class=\"wpb-content-wrapper\"><div data-vc-full-width=\"true\" data-vc-full-width-init=\"false\" class=\"vc_row wpb_row vc_row-fluid vc_custom_1556019931157\"><div class=\"wpb_column vc_column_container vc_col-sm-12\"><div class=\"vc_column-inner vc_custom_1516095762744\"><div class=\"wpb_wrapper\"><div class=\"vc_row wpb_row vc_inner vc_row-fluid vc_custom_1556019928500 vc_row-has-padding-bottom\"><div class=\"wpb_column vc_column_container vc_col-sm-6\"><div class=\"vc_column-inner vc_custom_1556019967766\"><div class=\"wpb_wrapper\"><h3 style=\"text-align: left\" class=\"vc_custom_heading wpb_animate_when_almost_visible wpb_fadeIn fadeIn\" >ACIBADEM MAHALLES\u0130 \u00c7E\u00c7EN SOK. AKASYA AVM B3 C G\u0130R\u0130\u015e\u0130 NO46G \u0130\u00c7KAPI NO:19    \u00dcSK\u00dcDAR \u0130STANBUL<\/h3><h5 style=\"text-align: left\" class=\"vc_custom_heading wpb_animate_when_almost_visible wpb_fadeIn fadeIn vc_custom_1603793875589\" >Email: info@konesta.com<\/h5><h5 style=\"text-align: left\" class=\"vc_custom_heading wpb_animate_when_almost_visible wpb_fadeIn fadeIn vc_custom_1621600185107\" >Tel: +90 216 577 00 17<\/h5><h5 style=\"text-align: left\" class=\"vc_custom_heading wpb_animate_when_almost_visible wpb_fadeIn fadeIn\" >Mob: +90 532 381 75 48<\/h5><div class=\"kd-social-profiles icon-left-align  bg-shape-none hover-default\" style=\"font-size:30px;\" ><ul class=\"kd-social-list clearfix\"><li><a target=\"_blank\" href=\"https:\/\/instagram.com\/konestayapi\"><i class=\"fab fa-instagram\" ><\/i><\/a><\/li><\/ul><\/div><h6 style=\"text-align: left\" class=\"vc_custom_heading wpb_animate_when_almost_visible wpb_fadeIn fadeIn\" >You can reach us via our contact information or leave a message by filling out the contact form. We will answer your questions as soon as possible.<\/h6><\/div><\/div><\/div><div class=\"wpb_column vc_column_container vc_col-sm-6\"><div class=\"vc_column-inner vc_custom_1515497653772\"><div class=\"wpb_wrapper\"><div class=\"kd-contact-form full-width-cf\" >\n<div class=\"wpcf7 no-js\" id=\"wpcf7-f5208-o1\" lang=\"en-US\" dir=\"ltr\">\n<div class=\"screen-reader-response\"><p role=\"status\" aria-live=\"polite\" aria-atomic=\"true\"><\/p> <ul><\/ul><\/div>\n<form action=\"\/en\/wp-json\/wp\/v2\/pages\/5752#wpcf7-f5208-o1\" method=\"post\" class=\"wpcf7-form init\" aria-label=\"Contact form\" novalidate=\"novalidate\" data-status=\"init\" data-trp-original-action=\"\/en\/wp-json\/wp\/v2\/pages\/5752#wpcf7-f5208-o1\">\n<div style=\"display: none;\">\n<input type=\"hidden\" name=\"_wpcf7\" value=\"5208\" \/>\n<input type=\"hidden\" name=\"_wpcf7_version\" value=\"5.9.4\" \/>\n<input type=\"hidden\" name=\"_wpcf7_locale\" value=\"en_US\" \/>\n<input type=\"hidden\" name=\"_wpcf7_unit_tag\" value=\"wpcf7-f5208-o1\" \/>\n<input type=\"hidden\" name=\"_wpcf7_container_post\" value=\"0\" \/>\n<input type=\"hidden\" name=\"_wpcf7_posted_data_hash\" value=\"\" \/>\n<input type=\"hidden\" name=\"_wpcf7_recaptcha_response\" value=\"\" \/>\n<\/div>\n<p><span class=\"wpcf7-form-control-wrap\" data-name=\"your-name\"><input size=\"40\" class=\"wpcf7-form-control wpcf7-text wpcf7-validates-as-required\" aria-required=\"true\" aria-invalid=\"false\" placeholder=\"Your name\" value=\"\" type=\"text\" name=\"your-name\" \/><\/span><br \/>\n<span class=\"wpcf7-form-control-wrap\" data-name=\"your-email\"><input size=\"40\" class=\"wpcf7-form-control wpcf7-email wpcf7-validates-as-required wpcf7-text wpcf7-validates-as-email\" aria-required=\"true\" aria-invalid=\"false\" placeholder=\"Email\" value=\"\" type=\"email\" name=\"your-email\" \/><\/span><br \/>\n<span class=\"wpcf7-form-control-wrap\" data-name=\"your-message\"><textarea cols=\"40\" rows=\"10\" class=\"wpcf7-form-control wpcf7-textarea\" aria-invalid=\"false\" placeholder=\"Your message\" name=\"your-message\"><\/textarea><\/span>\n<\/p>\n<p><input class=\"wpcf7-form-control wpcf7-submit has-spinner\" type=\"submit\" value=\"Send\" \/>\n<\/p><div class=\"wpcf7-response-output\" aria-hidden=\"true\"><\/div>\n<input type=\"hidden\" name=\"trp-form-language\" value=\"en\"\/><\/form>\n<\/div>\n<\/div><\/div><\/div><\/div><\/div><\/div><\/div><\/div><\/div><div class=\"vc_row-full-width vc_clearfix\"><\/div><div class=\"vc_row wpb_row vc_row-fluid vc_custom_1603454881065 vc_row-has-padding-bottom\"><div class=\"wpb_column vc_column_container vc_col-sm-6\"><div class=\"vc_column-inner vc_custom_1603454870377\"><div class=\"wpb_wrapper\"><div  class=\"vc_toggle vc_toggle_default vc_toggle_color_default  vc_toggle_size_md\"><div class=\"vc_toggle_title\"><h4>What is included in the turnkey price?<\/h4><i class=\"vc_toggle_icon\"><\/i><\/div><div class=\"vc_toggle_content\"><p>In our turnkey homes included in the price;<\/p>\n<ul>\n<li>Downloading and assembling the steel required for residential installation<\/li>\n<li>Roof covering and siding,<\/li>\n<li>Roof and wall insulation,<\/li>\n<li>Making interior cladding,<\/li>\n<li>Installation of PVC windows and steel doors,<\/li>\n<li>Electricity and water installation,<\/li>\n<li>Making exterior paint and interior plaster-paint works,<\/li>\n<li>Laying tiles and ceramics,<\/li>\n<li>Making parquet flooring,<\/li>\n<li>Procurement and installation of kitchen and bathroom cabinets<\/li>\n<li>Procurement and installation of shower cabin and toilet bowl,<\/li>\n<li>Installing interior doors<\/li>\n<li>Installing electrical switches, sockets, sockets, lamps and fuses and making them ready for use,<\/li>\n<li>Connecting the bathroom faucets and making them ready for use is included in the turnkey price.<\/li>\n<\/ul>\n<\/div><\/div><div  class=\"vc_toggle vc_toggle_default vc_toggle_color_default  vc_toggle_size_md\"><div class=\"vc_toggle_title\"><h4>What are not included in the turnkey price?<\/h4><i class=\"vc_toggle_icon\"><\/i><\/div><div class=\"vc_toggle_content\"><p>Applications to be made upon request not included in turnkey;<\/p>\n<ul>\n<li>Making the foundation sub basement concrete,<\/li>\n<li>Making screed (leveling screed) application,<\/li>\n<li>Making roof gutters<\/li>\n<li>Making balcony railings is not included in the turnkey price.<\/li>\n<\/ul>\n<\/div><\/div><div  class=\"vc_toggle vc_toggle_default vc_toggle_color_default  vc_toggle_size_md\"><div class=\"vc_toggle_title\"><h4>Is a license required for steel houses?<\/h4><i class=\"vc_toggle_icon\"><\/i><\/div><div class=\"vc_toggle_content\"><p>Steel buildings, like concrete buildings, are subject to a license due to their permanent residence and real estate status. Building permits can be obtained from the relevant municipality or Special Administration Institution. At the end of the construction, a settlement license (building residence permit), which is required like concrete buildings, should be obtained.<\/p>\n<\/div><\/div><div  class=\"vc_toggle vc_toggle_default vc_toggle_color_default  vc_toggle_size_md\"><div class=\"vc_toggle_title\"><h4>What are the jobs that customers undertake outside the license?<\/h4><i class=\"vc_toggle_icon\"><\/i><\/div><div class=\"vc_toggle_content\"><p>The construction site electricity and water subscription belongs to the customers. It is the customer&#039;s responsibility to fulfill the requests and requests of the Government Agency.<\/p>\n<\/div><\/div><\/div><\/div><\/div><div class=\"wpb_column vc_column_container vc_col-sm-6\"><div class=\"vc_column-inner\"><div class=\"wpb_wrapper\"><div  class=\"vc_toggle vc_toggle_default vc_toggle_color_default  vc_toggle_size_md\"><div class=\"vc_toggle_title\"><h4>What is your average lead time?<\/h4><i class=\"vc_toggle_icon\"><\/i><\/div><div class=\"vc_toggle_content\"><p>Our company is delivered within an average of 50-60 days in single-storey houses and within 60 -70 days in double-storey buildings, depending on the characteristics of your buildings, starting from the construction of the foundation concrete.<\/p>\n<\/div><\/div><div  class=\"vc_toggle vc_toggle_default vc_toggle_color_default  vc_toggle_size_md\"><div class=\"vc_toggle_title\"><h4>How many stages do you deliver the steel houses?<\/h4><i class=\"vc_toggle_icon\"><\/i><\/div><div class=\"vc_toggle_content\"><p>We manufacture our residences as &quot;Rough Delivery&quot; and &quot;Turnkey&quot; according to the demands of our customers.<\/p>\n<\/div><\/div><div  class=\"vc_toggle vc_toggle_default vc_toggle_color_default  vc_toggle_size_md\"><div class=\"vc_toggle_title\"><h4>Do you edit the models according to your wishes?<\/h4><i class=\"vc_toggle_icon\"><\/i><\/div><div class=\"vc_toggle_content\"><p>The models in our portfolio are downsized and enlarged in line with the wishes of our customers and within technical possibilities. Model layout plans are prepared entirely in line with the demands of our customers. The designs of our customers, which are their own dreams, can also be prepared according to their requests.<\/p>\n<\/div><\/div><div  class=\"vc_toggle vc_toggle_default vc_toggle_color_default  vc_toggle_size_md\"><div class=\"vc_toggle_title\"><h4>Who determines the interior decoration materials used?<\/h4><i class=\"vc_toggle_icon\"><\/i><\/div><div class=\"vc_toggle_content\"><p>Among the products we use in housing construction;<\/p>\n<ul>\n<li>Choosing the kitchen cabinet,<\/li>\n<li>Choosing the bathroom cabinet,<\/li>\n<li>Selection of ceramic to be used in bathroom, kitchen and balcony,<\/li>\n<li>Parquet selection is made by our customers by choosing the color and model suitable for their tastes.<\/li>\n<\/ul>\n<\/div><\/div><\/div><\/div><\/div><\/div><div data-vc-full-width=\"true\" data-vc-full-width-init=\"false\" data-vc-stretch-content=\"true\" class=\"vc_row wpb_row vc_row-fluid vc_row-no-padding\"><div class=\"wpb_column vc_column_container vc_col-sm-12\"><div class=\"vc_column-inner\"><div class=\"wpb_wrapper\"><script>\r\n\r\n                    function initKdMap_kd69d5256cf25a2() {\r\n                      var map_kd69d5256cf25a2;\r\n        \t\t\t\t\t\t\tvar gmap_location_kd69d5256cf25a2 = new google.maps.LatLng(40.97410655220516, 29.102458127432392, 29.2512948);\r\n        \t\t\t\t\t\t\tvar GMAP_MODULE_kd69d5256cf25a2 = \"customMap\";\r\n      \t\t\t\t\t\t\t\tvar featureOpts = [\r\n      \t\t\t\t\t\t\t\t\t\t\t{\r\n      \t\t\t\t\t\t\t\t\t\t\t  stylers: [\r\n      \t\t\t\t\t\t\t\t\t\t\t\t{ \"visibility\": \"on\" },\r\n      \t\t\t\t\t\t\t\t\t\t\t\t{ \"weight\": 1 },\r\n      \t\t\t\t\t\t\t\t\t\t\t\t{ \"saturation\": -100 },\r\n      \t\t\t\t\t\t\t\t\t\t\t\t{ \"lightness\": 2.2 },\r\n      \t\t\t\t\t\t\t\t\t\t\t\t{ \"gamma\": 2.2 }\r\n      \t\t\t\t\t\t\t\t\t\t\t  ]\r\n      \t\t\t\t\t\t\t\t\t\t\t}, {\r\n                                featureType: \"poi\",\r\n                                stylers: [\r\n                                  { \"visibility\": \"off\" }\r\n                                ]\r\n                              }\r\n      \t\t\t\t\t\t\t\t\t\t];\r\n      \t\t\t\t\t\t\t\tvar mapOptions = {\r\n      \t\t\t\t\t\t\t\t\tzoom: 15,\r\n      \t\t\t\t\t\t\t\t\tcenter: gmap_location_kd69d5256cf25a2,\r\n                        scrollwheel: false,\r\n      \t\t\t\t\t\t\t\t\tmapTypeControlOptions: {\r\n      \t\t\t\t\t\t\t\t\t\tmapTypeIds: [google.maps.MapTypeId.ROADMAP, GMAP_MODULE_kd69d5256cf25a2]\r\n      \t\t\t\t\t\t\t\t\t},\r\n      \t\t\t\t\t\t\t\t\tmapTypeId: GMAP_MODULE_kd69d5256cf25a2\r\n      \t\t\t\t\t\t\t\t};\r\n      \t\t\t\t\t\t\t\tmap_kd69d5256cf25a2 = new google.maps.Map(document.getElementById(\"kd69d5256cf25a2\"), mapOptions);\r\n      \t\t\t\t\t\t\t\tmarker_kd69d5256cf25a2 = new google.maps.Marker({\r\n      \t\t\t\t\t\t\t\t\tmap: map_kd69d5256cf25a2,\r\n      \t\t\t\t\t\t\t\t\tdraggable: false,\r\n      \t\t\t\t\t\t\t\t\tanimation: google.maps.Animation.DROP,\r\n      \t\t\t\t\t\t\t\t\tposition: gmap_location_kd69d5256cf25a2,\r\n      \t\t\t\t\t\t\t\t\ticon: \"https:\/\/www.ekko-wp.com\/static\/wp-content\/uploads\/sites\/3\/2018\/10\/map-marker.png\"\r\n      \t\t\t\t\t\t\t\t  });\r\n      \t\t\t\t\t\t\t\tgoogle.maps.event.addListener(marker_kd69d5256cf25a2, \"click\", function() {\r\n      \t\t\t\t\t\t\t\t\tif (marker_kd69d5256cf25a2.getAnimation() != null) {\r\n      \t\t\t\t\t\t\t\t\t\tmarker_kd69d5256cf25a2.setAnimation(null);\r\n      \t\t\t\t\t\t\t\t\t} else {\r\n      \t\t\t\t\t\t\t\t\t\tmarker_kd69d5256cf25a2.setAnimation(google.maps.Animation.BOUNCE);\r\n      \t\t\t\t\t\t\t\t\t}\r\n      \t\t\t\t\t\t\t\t});\r\n      \t\t\t\t\t\t\t\tvar styledMapOptions = {\r\n      \t\t\t\t\t\t\t\t\tname: \"ekko Map3\"\r\n      \t\t\t\t\t\t\t\t};\r\n      \t\t\t\t\t\t\t\tvar customMapType_kd69d5256cf25a2 = new google.maps.StyledMapType(featureOpts, styledMapOptions);\r\n      \t\t\t\t\t\t\t\tmap_kd69d5256cf25a2.mapTypes.set(GMAP_MODULE_kd69d5256cf25a2, customMapType_kd69d5256cf25a2);\r\n                      }\r\n                      jQuery(window).load(function() {\r\n                        initKdMap_kd69d5256cf25a2();\r\n                      });\r\n      \t\t\t\t\t\t<\/script><div class=\"contact-map-container hidden_info_panel\" style=\"height: 560px;\"><div id=\"kd69d5256cf25a2\" class=\"kd_map\" style=\"height: 560px;\"><\/div>\r\n\r\n            <\/div><\/div><\/div><\/div><\/div><div class=\"vc_row-full-width vc_clearfix\"><\/div>\n<\/section>","protected":false},"excerpt":{"rendered":"ACIBADEM MAHALLES\u0130 \u00c7E\u00c7EN SOK. AKASYA AVM B3 C G\u0130R\u0130\u015e\u0130 NO46G \u0130\u00c7KAPI NO:19 \u00dcSK\u00dcDAR \u0130STANBULEmail: info@konesta.comTel:+90 216 577 00 17Mob: +90 [...]","protected":false},"author":1,"featured_media":0,"parent":0,"menu_order":0,"comment_status":"closed","ping_status":"closed","template":"","meta":{"_joinchat":[],"footnotes":""},"class_list":["post-5752","page","type-page","status-publish","hentry"],"yoast_head":"<!-- This site is optimized with the Yoast SEO plugin v22.7 - https:\/\/yoast.com\/wordpress\/plugins\/seo\/ -->\n<title>\u0130leti\u015fim | KONESTA<\/title>\n<meta name=\"description\" content=\"\u0130\u00e7erenk\u00f6y, Sermet bey apt, \u00dcsk\u00fcdar \u0130\u00e7erenk\u00f6y Cd. No:12\/ D:39; 34752 Ata\u015fehir\/\u0130STANBUL-T\u00dcRK\u0130YE www.konesta.com instagram:@konestayapi\" \/>\n<meta name=\"robots\" content=\"index, follow, max-snippet:-1, max-image-preview:large, max-video-preview:-1\" \/>\n<link rel=\"canonical\" href=\"https:\/\/konesta.com\/en\/iletisim\/\" \/>\n<meta property=\"og:locale\" content=\"en_US\" \/>\n<meta property=\"og:type\" content=\"article\" \/>\n<meta property=\"og:title\" content=\"\u0130leti\u015fim | KONESTA\" \/>\n<meta property=\"og:description\" content=\"\u0130\u00e7erenk\u00f6y, Sermet bey apt, \u00dcsk\u00fcdar \u0130\u00e7erenk\u00f6y Cd. No:12\/ D:39; 34752 Ata\u015fehir\/\u0130STANBUL-T\u00dcRK\u0130YE www.konesta.com instagram:@konestayapi\" \/>\n<meta property=\"og:url\" content=\"https:\/\/konesta.com\/en\/iletisim\/\" \/>\n<meta property=\"og:site_name\" content=\"KONESTA\" \/>\n<meta property=\"article:modified_time\" content=\"2024-05-17T12:11:49+00:00\" \/>\n<meta name=\"twitter:card\" content=\"summary_large_image\" \/>\n<meta name=\"twitter:label1\" content=\"Est. reading time\" \/>\n\t<meta name=\"twitter:data1\" content=\"2 minutes\" \/>\n<script type=\"application\/ld+json\" class=\"yoast-schema-graph\">{\"@context\":\"https:\/\/schema.org\",\"@graph\":[{\"@type\":\"WebPage\",\"@id\":\"https:\/\/konesta.com\/iletisim\/\",\"url\":\"https:\/\/konesta.com\/iletisim\/\",\"name\":\"\u0130leti\u015fim | KONESTA\",\"isPartOf\":{\"@id\":\"https:\/\/konesta.com\/#website\"},\"datePublished\":\"2018-10-22T13:48:34+00:00\",\"dateModified\":\"2024-05-17T12:11:49+00:00\",\"description\":\"\u0130\u00e7erenk\u00f6y, Sermet bey apt, \u00dcsk\u00fcdar \u0130\u00e7erenk\u00f6y Cd. No:12\/ D:39; 34752 Ata\u015fehir\/\u0130STANBUL-T\u00dcRK\u0130YE www.konesta.com instagram:@konestayapi\",\"breadcrumb\":{\"@id\":\"https:\/\/konesta.com\/iletisim\/#breadcrumb\"},\"inLanguage\":\"en-US\",\"potentialAction\":[{\"@type\":\"ReadAction\",\"target\":[\"https:\/\/konesta.com\/iletisim\/\"]}]},{\"@type\":\"BreadcrumbList\",\"@id\":\"https:\/\/konesta.com\/iletisim\/#breadcrumb\",\"itemListElement\":[{\"@type\":\"ListItem\",\"position\":1,\"name\":\"Ana sayfa\",\"item\":\"https:\/\/konesta.com\/\"},{\"@type\":\"ListItem\",\"position\":2,\"name\":\"\u0130leti\u015fim\"}]},{\"@type\":\"WebSite\",\"@id\":\"https:\/\/konesta.com\/#website\",\"url\":\"https:\/\/konesta.com\/\",\"name\":\"KONESTA\",\"description\":\"Hafif \u00c7elik, Yap\u0131sal \u00c7elik, Prefabrik, Konteyner\",\"publisher\":{\"@id\":\"https:\/\/konesta.com\/#organization\"},\"potentialAction\":[{\"@type\":\"SearchAction\",\"target\":{\"@type\":\"EntryPoint\",\"urlTemplate\":\"https:\/\/konesta.com\/?s={search_term_string}\"},\"query-input\":\"required name=search_term_string\"}],\"inLanguage\":\"en-US\"},{\"@type\":\"Organization\",\"@id\":\"https:\/\/konesta.com\/#organization\",\"name\":\"Konesta Yap\u0131 \u00c7\u00f6z\u00fcmleri San ve Tic A.\u015e\",\"url\":\"https:\/\/konesta.com\/\",\"logo\":{\"@type\":\"ImageObject\",\"inLanguage\":\"en-US\",\"@id\":\"https:\/\/konesta.com\/#\/schema\/logo\/image\/\",\"url\":\"http:\/\/konesta.com\/wp-content\/uploads\/2021\/04\/konestanon.png\",\"contentUrl\":\"http:\/\/konesta.com\/wp-content\/uploads\/2021\/04\/konestanon.png\",\"width\":854,\"height\":854,\"caption\":\"Konesta Yap\u0131 \u00c7\u00f6z\u00fcmleri San ve Tic A.\u015e\"},\"image\":{\"@id\":\"https:\/\/konesta.com\/#\/schema\/logo\/image\/\"}}]}<\/script>\n<!-- \/ Yoast SEO plugin. -->","yoast_head_json":{"title":"\u0130leti\u015fim | KONESTA","description":"\u0130\u00e7erenk\u00f6y, Sermet bey apt, \u00dcsk\u00fcdar \u0130\u00e7erenk\u00f6y Cd. No:12\/ D:39; 34752 Ata\u015fehir\/\u0130STANBUL-T\u00dcRK\u0130YE www.konesta.com instagram:@konestayapi","robots":{"index":"index","follow":"follow","max-snippet":"max-snippet:-1","max-image-preview":"max-image-preview:large","max-video-preview":"max-video-preview:-1"},"canonical":"https:\/\/konesta.com\/en\/iletisim\/","og_locale":"en_US","og_type":"article","og_title":"\u0130leti\u015fim | KONESTA","og_description":"\u0130\u00e7erenk\u00f6y, Sermet bey apt, \u00dcsk\u00fcdar \u0130\u00e7erenk\u00f6y Cd. No:12\/ D:39; 34752 Ata\u015fehir\/\u0130STANBUL-T\u00dcRK\u0130YE www.konesta.com instagram:@konestayapi","og_url":"https:\/\/konesta.com\/en\/iletisim\/","og_site_name":"KONESTA","article_modified_time":"2024-05-17T12:11:49+00:00","twitter_card":"summary_large_image","twitter_misc":{"Est. reading time":"2 minutes"},"schema":{"@context":"https:\/\/schema.org","@graph":[{"@type":"WebPage","@id":"https:\/\/konesta.com\/iletisim\/","url":"https:\/\/konesta.com\/iletisim\/","name":"\u0130leti\u015fim | KONESTA","isPartOf":{"@id":"https:\/\/konesta.com\/#website"},"datePublished":"2018-10-22T13:48:34+00:00","dateModified":"2024-05-17T12:11:49+00:00","description":"\u0130\u00e7erenk\u00f6y, Sermet bey apt, \u00dcsk\u00fcdar \u0130\u00e7erenk\u00f6y Cd. No:12\/ D:39; 34752 Ata\u015fehir\/\u0130STANBUL-T\u00dcRK\u0130YE www.konesta.com instagram:@konestayapi","breadcrumb":{"@id":"https:\/\/konesta.com\/iletisim\/#breadcrumb"},"inLanguage":"en-US","potentialAction":[{"@type":"ReadAction","target":["https:\/\/konesta.com\/iletisim\/"]}]},{"@type":"BreadcrumbList","@id":"https:\/\/konesta.com\/iletisim\/#breadcrumb","itemListElement":[{"@type":"ListItem","position":1,"name":"Ana sayfa","item":"https:\/\/konesta.com\/"},{"@type":"ListItem","position":2,"name":"\u0130leti\u015fim"}]},{"@type":"WebSite","@id":"https:\/\/konesta.com\/#website","url":"https:\/\/konesta.com\/","name":"KONESTA","description":"Hafif \u00c7elik, Yap\u0131sal \u00c7elik, Prefabrik, Konteyner","publisher":{"@id":"https:\/\/konesta.com\/#organization"},"potentialAction":[{"@type":"SearchAction","target":{"@type":"EntryPoint","urlTemplate":"https:\/\/konesta.com\/?s={search_term_string}"},"query-input":"required name=search_term_string"}],"inLanguage":"en-US"},{"@type":"Organization","@id":"https:\/\/konesta.com\/#organization","name":"Konesta Yap\u0131 \u00c7\u00f6z\u00fcmleri San ve Tic A.\u015e","url":"https:\/\/konesta.com\/","logo":{"@type":"ImageObject","inLanguage":"en-US","@id":"https:\/\/konesta.com\/#\/schema\/logo\/image\/","url":"http:\/\/konesta.com\/wp-content\/uploads\/2021\/04\/konestanon.png","contentUrl":"http:\/\/konesta.com\/wp-content\/uploads\/2021\/04\/konestanon.png","width":854,"height":854,"caption":"Konesta Yap\u0131 \u00c7\u00f6z\u00fcmleri San ve Tic A.\u015e"},"image":{"@id":"https:\/\/konesta.com\/#\/schema\/logo\/image\/"}}]}},"_links":{"self":[{"href":"https:\/\/konesta.com\/en\/wp-json\/wp\/v2\/pages\/5752","targetHints":{"allow":["GET"]}}],"collection":[{"href":"https:\/\/konesta.com\/en\/wp-json\/wp\/v2\/pages"}],"about":[{"href":"https:\/\/konesta.com\/en\/wp-json\/wp\/v2\/types\/page"}],"author":[{"embeddable":true,"href":"https:\/\/konesta.com\/en\/wp-json\/wp\/v2\/users\/1"}],"replies":[{"embeddable":true,"href":"https:\/\/konesta.com\/en\/wp-json\/wp\/v2\/comments?post=5752"}],"version-history":[{"count":1,"href":"https:\/\/konesta.com\/en\/wp-json\/wp\/v2\/pages\/5752\/revisions"}],"predecessor-version":[{"id":8219,"href":"https:\/\/konesta.com\/en\/wp-json\/wp\/v2\/pages\/5752\/revisions\/8219"}],"wp:attachment":[{"href":"https:\/\/konesta.com\/en\/wp-json\/wp\/v2\/media?parent=5752"}],"curies":[{"name":"wp","href":"https:\/\/api.w.org\/{rel}","templated":true}]}}