{"id":5764,"date":"2018-10-22T13:49:53","date_gmt":"2018-10-22T13:49:53","guid":{"rendered":"https:\/\/www.ekko-wp.com\/?page_id=5764"},"modified":"2020-10-23T16:47:37","modified_gmt":"2020-10-23T13:47:37","slug":"kariyer","status":"publish","type":"page","link":"https:\/\/konesta.com\/en\/kariyer\/","title":{"rendered":"Career"},"content":{"rendered":"<section class=\"wpb-content-wrapper\"><div class=\"vc_row wpb_row vc_row-fluid vc_custom_1603460761096 vc_row-has-padding-top vc_row-has-padding-bottom\"><div class=\"wpb_column vc_column_container vc_col-sm-2\"><div class=\"vc_column-inner\"><div class=\"wpb_wrapper\"><\/div><\/div><\/div><div class=\"wpb_column vc_column_container vc_col-sm-8\"><div class=\"vc_column-inner\"><div class=\"wpb_wrapper\">\n<div class=\"wpcf7 no-js\" id=\"wpcf7-f7786-o1\" lang=\"tr-TR\" dir=\"ltr\">\n<div class=\"screen-reader-response\"><p role=\"status\" aria-live=\"polite\" aria-atomic=\"true\"><\/p> <ul><\/ul><\/div>\n<form action=\"\/en\/wp-json\/wp\/v2\/pages\/5764#wpcf7-f7786-o1\" method=\"post\" class=\"wpcf7-form init\" aria-label=\"Contact form\" novalidate=\"novalidate\" data-status=\"init\" data-trp-original-action=\"\/en\/wp-json\/wp\/v2\/pages\/5764#wpcf7-f7786-o1\">\n<div style=\"display: none;\">\n<input type=\"hidden\" name=\"_wpcf7\" value=\"7786\" \/>\n<input type=\"hidden\" name=\"_wpcf7_version\" value=\"5.9.4\" \/>\n<input type=\"hidden\" name=\"_wpcf7_locale\" value=\"tr_TR\" \/>\n<input type=\"hidden\" name=\"_wpcf7_unit_tag\" value=\"wpcf7-f7786-o1\" \/>\n<input type=\"hidden\" name=\"_wpcf7_container_post\" value=\"0\" \/>\n<input type=\"hidden\" name=\"_wpcf7_posted_data_hash\" value=\"\" \/>\n<input type=\"hidden\" name=\"_wpcf7_recaptcha_response\" value=\"\" \/>\n<\/div>\n<div class=\"row\">\n\t<div class=\"col-lg-6\">\n\t\t<p><span class=\"wpcf7-form-control-wrap\" data-name=\"adsoyad\"><input size=\"40\" class=\"wpcf7-form-control wpcf7-text wpcf7-validates-as-required\" aria-required=\"true\" aria-invalid=\"false\" placeholder=\"Your name and your surname\" value=\"\" type=\"text\" name=\"adsoyad\" \/><\/span>\n\t\t<\/p>\n\t<\/div>\n\t<div class=\"col-lg-6\">\n\t\t<p><span class=\"wpcf7-form-control-wrap\" data-name=\"sehir\"><input size=\"40\" class=\"wpcf7-form-control wpcf7-text wpcf7-validates-as-required\" aria-required=\"true\" aria-invalid=\"false\" placeholder=\"The city which you are living*\" value=\"\" type=\"text\" name=\"sehir\" \/><\/span>\n\t\t<\/p>\n\t<\/div>\n<\/div>\n<div class=\"row\">\n\t<div class=\"col-lg-6\">\n\t\t<p>Your gender\n\t\t<\/p>\n\t\t<p><span class=\"wpcf7-form-control-wrap\" data-name=\"cinsiyet\"><select class=\"wpcf7-form-control wpcf7-select wpcf7-validates-as-required\" aria-required=\"true\" aria-invalid=\"false\" name=\"cinsiyet\"><option value=\"\">&#8212;Please choose an option&#8212;<\/option><option value=\"Kad\u0131n\">Woman<\/option><option value=\"Erkek\">Male<\/option><\/select><\/span>\n\t\t<\/p>\n\t<\/div>\n\t<div class=\"col-lg-6\">\n\t\t<p>Position You Apply\n\t\t<\/p>\n\t\t<p><span class=\"wpcf7-form-control-wrap\" data-name=\"pozisyon\"><select class=\"wpcf7-form-control wpcf7-select wpcf7-validates-as-required\" aria-required=\"true\" aria-invalid=\"false\" name=\"pozisyon\"><option value=\"\">&#8212;Please choose an option&#8212;<\/option><option value=\"Mimar\">architect<\/option><option value=\"\u0130n\u015faat M\u00fchendisi\">Construction engineer<\/option><option value=\"Grafik Tasar\u0131m\">Graphic design<\/option><option value=\"Peyzaj\">Landscape<\/option><option value=\"Montaj\">Assembly<\/option><option value=\"\u0130malat\">Production<\/option><option value=\"Sat\u0131\u015f Sorumlusu\">Sales responsible<\/option><\/select><\/span>\n\t\t<\/p>\n\t<\/div>\n<\/div>\n<div class=\"row\">\n\t<div class=\"col-lg-6\">\n\t\t<p><span class=\"wpcf7-form-control-wrap\" data-name=\"telefon\"><input size=\"40\" class=\"wpcf7-form-control wpcf7-tel wpcf7-validates-as-required wpcf7-text wpcf7-validates-as-tel\" aria-required=\"true\" aria-invalid=\"false\" placeholder=\"Mobile phone*\" value=\"\" type=\"tel\" name=\"telefon\" \/><\/span>\n\t\t<\/p>\n\t<\/div>\n\t<div class=\"col-lg-6\">\n\t\t<p><span class=\"wpcf7-form-control-wrap\" data-name=\"e-posta\"><input size=\"40\" class=\"wpcf7-form-control wpcf7-text wpcf7-validates-as-required\" aria-required=\"true\" aria-invalid=\"false\" placeholder=\"Email*\" value=\"\" type=\"text\" name=\"e-posta\" \/><\/span>\n\t\t<\/p>\n\t<\/div>\n<\/div>\n<div class=\"row\">\n\t<div class=\"col-lg-12\">\n\t\t<p><span class=\"wpcf7-form-control-wrap\" data-name=\"mesaj\"><textarea cols=\"40\" rows=\"10\" class=\"wpcf7-form-control wpcf7-textarea\" aria-invalid=\"false\" placeholder=\"Your Message (You can mention yourself.)\" name=\"mesaj\"><\/textarea><\/span>\n\t\t<\/p>\n\t<\/div>\n\t<p>[anr_nocaptcha g-recaptcha-response]\n\t<\/p>\n\t<div class=\"row\">\n\t\t<div class=\"col-lg-12\">\n\t\t\t<p>&nbsp;\n\t\t\t<\/p>\n\t\t<\/div>\n\t<\/div>\n\t<div class=\"row\">\n\t\t<div class=\"col-lg-12\">\n\t\t\t<p><input class=\"wpcf7-form-control wpcf7-submit has-spinner\" type=\"submit\" value=\"Register\" \/>\n\t\t\t<\/p>\n\t\t<\/div>\n\t<\/div>\n<\/div><div class=\"wpcf7-response-output\" aria-hidden=\"true\"><\/div>\n<input type=\"hidden\" name=\"trp-form-language\" value=\"en\"\/><\/form>\n<\/div>\n<\/div><\/div><\/div><div class=\"wpb_column vc_column_container vc_col-sm-2\"><div class=\"vc_column-inner\"><div class=\"wpb_wrapper\"><\/div><\/div><\/div><\/div>\n<\/section>","protected":false},"excerpt":{"rendered":"Cinsiyetiniz &#8212;Please choose an option&#8212;Kad\u0131nErkek Ba\u015fvurdu\u011funuz Pozisyon &#8212;Please choose an option&#8212;Mimar\u0130n\u015faat M\u00fchendisiGrafik Tasar\u0131mPeyzajMontaj\u0130malatSat\u0131\u015f Sorumlusu [anr_nocaptcha g-recaptcha-response] &nbsp;","protected":false},"author":1,"featured_media":7785,"parent":0,"menu_order":0,"comment_status":"closed","ping_status":"closed","template":"","meta":{"_joinchat":[],"footnotes":""},"class_list":["post-5764","page","type-page","status-publish","has-post-thumbnail","hentry"],"yoast_head":"<!-- This site is optimized with the Yoast SEO plugin v22.7 - https:\/\/yoast.com\/wordpress\/plugins\/seo\/ -->\n<title>Kariyer | KONESTA<\/title>\n<meta name=\"robots\" content=\"index, follow, max-snippet:-1, max-image-preview:large, max-video-preview:-1\" \/>\n<link rel=\"canonical\" href=\"https:\/\/konesta.com\/en\/kariyer\/\" \/>\n<meta property=\"og:locale\" content=\"en_US\" \/>\n<meta property=\"og:type\" content=\"article\" \/>\n<meta property=\"og:title\" content=\"Kariyer | KONESTA\" \/>\n<meta property=\"og:url\" content=\"https:\/\/konesta.com\/en\/kariyer\/\" \/>\n<meta property=\"og:site_name\" content=\"KONESTA\" \/>\n<meta property=\"article:modified_time\" content=\"2020-10-23T13:47:37+00:00\" \/>\n<meta property=\"og:image\" content=\"https:\/\/konesta.com\/wp-content\/uploads\/2020\/10\/pexels-fauxels-3184306-1.jpg\" \/>\n\t<meta property=\"og:image:width\" content=\"1920\" \/>\n\t<meta property=\"og:image:height\" content=\"571\" \/>\n\t<meta property=\"og:image:type\" content=\"image\/jpeg\" \/>\n<meta name=\"twitter:card\" content=\"summary_large_image\" \/>\n<script type=\"application\/ld+json\" class=\"yoast-schema-graph\">{\"@context\":\"https:\/\/schema.org\",\"@graph\":[{\"@type\":\"WebPage\",\"@id\":\"https:\/\/konesta.com\/kariyer\/\",\"url\":\"https:\/\/konesta.com\/kariyer\/\",\"name\":\"Kariyer | KONESTA\",\"isPartOf\":{\"@id\":\"https:\/\/konesta.com\/#website\"},\"primaryImageOfPage\":{\"@id\":\"https:\/\/konesta.com\/kariyer\/#primaryimage\"},\"image\":{\"@id\":\"https:\/\/konesta.com\/kariyer\/#primaryimage\"},\"thumbnailUrl\":\"https:\/\/konesta.com\/wp-content\/uploads\/2020\/10\/pexels-fauxels-3184306-1.jpg\",\"datePublished\":\"2018-10-22T13:49:53+00:00\",\"dateModified\":\"2020-10-23T13:47:37+00:00\",\"breadcrumb\":{\"@id\":\"https:\/\/konesta.com\/kariyer\/#breadcrumb\"},\"inLanguage\":\"en-US\",\"potentialAction\":[{\"@type\":\"ReadAction\",\"target\":[\"https:\/\/konesta.com\/kariyer\/\"]}]},{\"@type\":\"ImageObject\",\"inLanguage\":\"en-US\",\"@id\":\"https:\/\/konesta.com\/kariyer\/#primaryimage\",\"url\":\"https:\/\/konesta.com\/wp-content\/uploads\/2020\/10\/pexels-fauxels-3184306-1.jpg\",\"contentUrl\":\"https:\/\/konesta.com\/wp-content\/uploads\/2020\/10\/pexels-fauxels-3184306-1.jpg\",\"width\":1920,\"height\":571},{\"@type\":\"BreadcrumbList\",\"@id\":\"https:\/\/konesta.com\/kariyer\/#breadcrumb\",\"itemListElement\":[{\"@type\":\"ListItem\",\"position\":1,\"name\":\"Ana sayfa\",\"item\":\"https:\/\/konesta.com\/\"},{\"@type\":\"ListItem\",\"position\":2,\"name\":\"Kariyer\"}]},{\"@type\":\"WebSite\",\"@id\":\"https:\/\/konesta.com\/#website\",\"url\":\"https:\/\/konesta.com\/\",\"name\":\"KONESTA\",\"description\":\"Hafif \u00c7elik, Yap\u0131sal \u00c7elik, Prefabrik, Konteyner\",\"publisher\":{\"@id\":\"https:\/\/konesta.com\/#organization\"},\"potentialAction\":[{\"@type\":\"SearchAction\",\"target\":{\"@type\":\"EntryPoint\",\"urlTemplate\":\"https:\/\/konesta.com\/?s={search_term_string}\"},\"query-input\":\"required name=search_term_string\"}],\"inLanguage\":\"en-US\"},{\"@type\":\"Organization\",\"@id\":\"https:\/\/konesta.com\/#organization\",\"name\":\"Konesta Yap\u0131 \u00c7\u00f6z\u00fcmleri San ve Tic A.\u015e\",\"url\":\"https:\/\/konesta.com\/\",\"logo\":{\"@type\":\"ImageObject\",\"inLanguage\":\"en-US\",\"@id\":\"https:\/\/konesta.com\/#\/schema\/logo\/image\/\",\"url\":\"http:\/\/konesta.com\/wp-content\/uploads\/2021\/04\/konestanon.png\",\"contentUrl\":\"http:\/\/konesta.com\/wp-content\/uploads\/2021\/04\/konestanon.png\",\"width\":854,\"height\":854,\"caption\":\"Konesta Yap\u0131 \u00c7\u00f6z\u00fcmleri San ve Tic A.\u015e\"},\"image\":{\"@id\":\"https:\/\/konesta.com\/#\/schema\/logo\/image\/\"}}]}<\/script>\n<!-- \/ Yoast SEO plugin. -->","yoast_head_json":{"title":"Kariyer | KONESTA","robots":{"index":"index","follow":"follow","max-snippet":"max-snippet:-1","max-image-preview":"max-image-preview:large","max-video-preview":"max-video-preview:-1"},"canonical":"https:\/\/konesta.com\/en\/kariyer\/","og_locale":"en_US","og_type":"article","og_title":"Kariyer | KONESTA","og_url":"https:\/\/konesta.com\/en\/kariyer\/","og_site_name":"KONESTA","article_modified_time":"2020-10-23T13:47:37+00:00","og_image":[{"width":1920,"height":571,"url":"https:\/\/konesta.com\/wp-content\/uploads\/2020\/10\/pexels-fauxels-3184306-1.jpg","type":"image\/jpeg"}],"twitter_card":"summary_large_image","schema":{"@context":"https:\/\/schema.org","@graph":[{"@type":"WebPage","@id":"https:\/\/konesta.com\/kariyer\/","url":"https:\/\/konesta.com\/kariyer\/","name":"Kariyer | KONESTA","isPartOf":{"@id":"https:\/\/konesta.com\/#website"},"primaryImageOfPage":{"@id":"https:\/\/konesta.com\/kariyer\/#primaryimage"},"image":{"@id":"https:\/\/konesta.com\/kariyer\/#primaryimage"},"thumbnailUrl":"https:\/\/konesta.com\/wp-content\/uploads\/2020\/10\/pexels-fauxels-3184306-1.jpg","datePublished":"2018-10-22T13:49:53+00:00","dateModified":"2020-10-23T13:47:37+00:00","breadcrumb":{"@id":"https:\/\/konesta.com\/kariyer\/#breadcrumb"},"inLanguage":"en-US","potentialAction":[{"@type":"ReadAction","target":["https:\/\/konesta.com\/kariyer\/"]}]},{"@type":"ImageObject","inLanguage":"en-US","@id":"https:\/\/konesta.com\/kariyer\/#primaryimage","url":"https:\/\/konesta.com\/wp-content\/uploads\/2020\/10\/pexels-fauxels-3184306-1.jpg","contentUrl":"https:\/\/konesta.com\/wp-content\/uploads\/2020\/10\/pexels-fauxels-3184306-1.jpg","width":1920,"height":571},{"@type":"BreadcrumbList","@id":"https:\/\/konesta.com\/kariyer\/#breadcrumb","itemListElement":[{"@type":"ListItem","position":1,"name":"Ana sayfa","item":"https:\/\/konesta.com\/"},{"@type":"ListItem","position":2,"name":"Kariyer"}]},{"@type":"WebSite","@id":"https:\/\/konesta.com\/#website","url":"https:\/\/konesta.com\/","name":"KONESTA","description":"Hafif \u00c7elik, Yap\u0131sal \u00c7elik, Prefabrik, Konteyner","publisher":{"@id":"https:\/\/konesta.com\/#organization"},"potentialAction":[{"@type":"SearchAction","target":{"@type":"EntryPoint","urlTemplate":"https:\/\/konesta.com\/?s={search_term_string}"},"query-input":"required name=search_term_string"}],"inLanguage":"en-US"},{"@type":"Organization","@id":"https:\/\/konesta.com\/#organization","name":"Konesta Yap\u0131 \u00c7\u00f6z\u00fcmleri San ve Tic A.\u015e","url":"https:\/\/konesta.com\/","logo":{"@type":"ImageObject","inLanguage":"en-US","@id":"https:\/\/konesta.com\/#\/schema\/logo\/image\/","url":"http:\/\/konesta.com\/wp-content\/uploads\/2021\/04\/konestanon.png","contentUrl":"http:\/\/konesta.com\/wp-content\/uploads\/2021\/04\/konestanon.png","width":854,"height":854,"caption":"Konesta Yap\u0131 \u00c7\u00f6z\u00fcmleri San ve Tic A.\u015e"},"image":{"@id":"https:\/\/konesta.com\/#\/schema\/logo\/image\/"}}]}},"_links":{"self":[{"href":"https:\/\/konesta.com\/en\/wp-json\/wp\/v2\/pages\/5764","targetHints":{"allow":["GET"]}}],"collection":[{"href":"https:\/\/konesta.com\/en\/wp-json\/wp\/v2\/pages"}],"about":[{"href":"https:\/\/konesta.com\/en\/wp-json\/wp\/v2\/types\/page"}],"author":[{"embeddable":true,"href":"https:\/\/konesta.com\/en\/wp-json\/wp\/v2\/users\/1"}],"replies":[{"embeddable":true,"href":"https:\/\/konesta.com\/en\/wp-json\/wp\/v2\/comments?post=5764"}],"version-history":[{"count":0,"href":"https:\/\/konesta.com\/en\/wp-json\/wp\/v2\/pages\/5764\/revisions"}],"wp:featuredmedia":[{"embeddable":true,"href":"https:\/\/konesta.com\/en\/wp-json\/wp\/v2\/media\/7785"}],"wp:attachment":[{"href":"https:\/\/konesta.com\/en\/wp-json\/wp\/v2\/media?parent=5764"}],"curies":[{"name":"wp","href":"https:\/\/api.w.org\/{rel}","templated":true}]}}