{"id":7502,"date":"2020-10-16T17:45:38","date_gmt":"2020-10-16T14:45:38","guid":{"rendered":"http:\/\/konesta.com\/?page_id=7502"},"modified":"2020-10-20T15:46:12","modified_gmt":"2020-10-20T12:46:12","slug":"cevre-is-politikalarimiz","status":"publish","type":"page","link":"https:\/\/konesta.com\/en\/cevre-is-politikalarimiz\/","title":{"rendered":"Environmental &amp; Business Policies"},"content":{"rendered":"<section class=\"wpb-content-wrapper\"><div class=\"vc_row wpb_row vc_row-fluid vc_custom_1556018461316 vc_row-has-padding-top vc_row-has-padding-bottom\"><div class=\"wpb_column vc_column_container vc_col-sm-12\"><div class=\"vc_column-inner\"><div class=\"wpb_wrapper\"><div class=\"feature-sections-wrapper kd-fsp-69d525a7a16ec\">\r\n            <section class=\"feature-sections-tabs\">\r\n              <nav class=\"kd-feature-tabs\">\r\n                <ul class=\"nav nav-tabs sticky-tabs container\">\r\n                <\/ul>\r\n              <\/nav>\r\n            <\/section>\r\n            <section id=\"kd-fss-69d525a7a1768\" class=\"featured-right\"><li class=\"nav-label\"><a class=\"feature-tabs-scroll\" href=\"#kd-fss-69d525a7a1768\"><i class=\"iconsmind-Environmental-3 iconsmind-Nature fss-nav-icon\" style=\" \"><\/i> Environmental policy<\/a><\/li><div class=\"container\">\r\n                <div class=\"side-content-wrapper kd-animated fadeInLeft\" data-animation-delay=\"200\"><i class=\"iconsmind-Environmental-3 iconsmind-Nature section-icon\" style=\" \"><\/i> <h2 class=\"side-content-title\" >Environmental policy<\/h2><h6 class=\"side-content-subtitle\" >Konesta aims to establish a suitable environment so that the staff can work in suitable environments and show themselves efficiently, and also wishes to reflect its sensitivity to the environment. Our company, which proves its respect to nature with its environmentally friendly solutions at every opportunity, adopts the following targets.<\/h6><div class=\"side-content-text\" ><\/p>\n<ul>\n<li>Minimizing the damage to nature with environmentally friendly production techniques,<\/li>\n<li>Elimination of waste and other emissions as much as possible,<\/li>\n<li>Reducing the pollutants released into the environment with recyclable options,<\/li>\n<li>Limiting water consumption by meeting energy needs from renewable energies as much as possible,<\/li>\n<li>Conscious use of natural resources,<\/li>\n<li>Raising awareness of employees through environmental training,<\/li>\n<li>Conscious imposition of environmentally friendly work.<\/li>\n<\/ul>\n<p>\n<\/div><\/div><div class=\"side-featured-wrapper fss-rectangle kd-animated fadeInRight fss-shadow-image\" data-animation-delay=\"200\">\r\n      <div class=\"featured-image\"><a data-size=\"1024x683\" href=\"https:\/\/konesta.com\/wp-content\/uploads\/2020\/10\/pexels-photo-1072824-1024x683.jpeg\"><img loading=\"lazy\" decoding=\"async\" width=\"2250\" height=\"1500\" src=\"https:\/\/konesta.com\/wp-content\/uploads\/2020\/10\/pexels-photo-1072824.jpeg\" class=\"attachment-full\" alt=\"\" title=\"pexels-photo-1072824\" srcset=\"https:\/\/konesta.com\/wp-content\/uploads\/2020\/10\/pexels-photo-1072824.jpeg 2250w, https:\/\/konesta.com\/wp-content\/uploads\/2020\/10\/pexels-photo-1072824-300x200.jpeg 300w, https:\/\/konesta.com\/wp-content\/uploads\/2020\/10\/pexels-photo-1072824-1024x683.jpeg 1024w, https:\/\/konesta.com\/wp-content\/uploads\/2020\/10\/pexels-photo-1072824-768x512.jpeg 768w, https:\/\/konesta.com\/wp-content\/uploads\/2020\/10\/pexels-photo-1072824-1536x1024.jpeg 1536w, https:\/\/konesta.com\/wp-content\/uploads\/2020\/10\/pexels-photo-1072824-2048x1365.jpeg 2048w, https:\/\/konesta.com\/wp-content\/uploads\/2020\/10\/pexels-photo-1072824-800x533.jpeg 800w\" sizes=\"auto, (max-width: 2250px) 100vw, 2250px\" \/><\/a><\/div>\r\n    <\/div><\/div>\r\n            <\/section><section id=\"kd-fss-69d525a7a1bbe\" class=\"featured-left\"><li class=\"nav-label\"><a class=\"feature-tabs-scroll\" href=\"#kd-fss-69d525a7a1bbe\"><i class=\"iconsmind-Handshake iconsmind-Business-Finance fss-nav-icon\" style=\" \"><\/i> Business Policy<\/a><\/li><div class=\"container\">\r\n                <div class=\"side-content-wrapper kd-animated fadeInRight\" data-animation-delay=\"200\"><i class=\"iconsmind-Handshake iconsmind-Business-Finance section-icon\" style=\" \"><\/i> <h2 class=\"side-content-title\" >Business Policy<\/h2><h6 class=\"side-content-subtitle\" >Aiming to establish strong partnerships among customers, suppliers and distributors within the scope of its business policies, Konesta desires to achieve flawless work in business processes. While signing global collaborations, studies are carried out to protect the rights of all stakeholders without ignoring cultural differences. Our company, acting within the scope of business ethics and commercial principles, focuses on maintaining business processes by adopting the following values.<\/h6><div class=\"side-content-text\" ><\/p>\n<ul>\n<li>While acting with a corporate perspective, it prepares the ground for new collaborations thanks to its solution-oriented perspective,<\/li>\n<li>While aiming to prepare the most suitable work environments for its employees, it also takes the basis of trust in relations with suppliers,<\/li>\n<li>While establishing the corporate culture, it attaches importance not only to efficiency but also to having happy employees.<\/li>\n<\/ul>\n<p>\n<\/div><\/div><div class=\"side-featured-wrapper fss-rectangle kd-animated fadeInLeft fss-shadow-image\" data-animation-delay=\"200\">\r\n      <div class=\"featured-image\"><a data-size=\"1024x640\" href=\"https:\/\/konesta.com\/wp-content\/uploads\/2020\/10\/pexels-photo-416405-1024x640.jpeg\"><img loading=\"lazy\" decoding=\"async\" width=\"2400\" height=\"1500\" src=\"https:\/\/konesta.com\/wp-content\/uploads\/2020\/10\/pexels-photo-416405.jpeg\" class=\"attachment-full\" alt=\"\" title=\"pexels-photo-416405\" srcset=\"https:\/\/konesta.com\/wp-content\/uploads\/2020\/10\/pexels-photo-416405.jpeg 2400w, https:\/\/konesta.com\/wp-content\/uploads\/2020\/10\/pexels-photo-416405-300x188.jpeg 300w, https:\/\/konesta.com\/wp-content\/uploads\/2020\/10\/pexels-photo-416405-1024x640.jpeg 1024w, https:\/\/konesta.com\/wp-content\/uploads\/2020\/10\/pexels-photo-416405-768x480.jpeg 768w, https:\/\/konesta.com\/wp-content\/uploads\/2020\/10\/pexels-photo-416405-1536x960.jpeg 1536w, https:\/\/konesta.com\/wp-content\/uploads\/2020\/10\/pexels-photo-416405-2048x1280.jpeg 2048w, https:\/\/konesta.com\/wp-content\/uploads\/2020\/10\/pexels-photo-416405-400x250.jpeg 400w, https:\/\/konesta.com\/wp-content\/uploads\/2020\/10\/pexels-photo-416405-800x500.jpeg 800w\" sizes=\"auto, (max-width: 2400px) 100vw, 2400px\" \/><\/a><\/div>\r\n    <\/div><\/div>\r\n            <\/section>\r\n            <\/div><style type=\"text\/css\"><\/style><\/div><\/div><\/div><\/div><div data-vc-full-width=\"true\" data-vc-full-width-init=\"false\" class=\"vc_row wpb_row vc_row-fluid vc_custom_1602860528238 vc_row-has-fill vc_row-has-padding-top\"><div class=\"wpb_column vc_column_container vc_col-sm-12\"><div class=\"vc_column-inner vc_custom_1516008460883\"><div class=\"wpb_wrapper\"><header class=\"kd-section-title col-lg-12 text-center solid-line sep-border-width-1\" ><h2 class=\"separator_on\" >Why U.S?<\/h2><div class=\"kd-separator below_title\" ><div class=\"kd-separator-line\" ><\/div><\/div><\/header><div class=\"vc_row wpb_row vc_inner vc_row-fluid vc_custom_1602860559563 vc_row-has-padding-top\"><div class=\"wpb_column vc_column_container vc_col-sm-4\"><div class=\"vc_column-inner vc_custom_1540559965344\"><div class=\"wpb_wrapper\"><div class=\"key-icon-box icon-default icon-top cont-left ib-no-effect  kd-animated fadeInUp\" style=\"background-color: transparent;\" ><i class=\"iconsmind-Light-Bulb iconsmind-Objects\" style=\" \"><\/i> <h5 class=\"service-heading\" >We are Solution and Service Oriented<\/h5><\/div><\/div><\/div><\/div><div class=\"wpb_column vc_column_container vc_col-sm-4\"><div class=\"vc_column-inner vc_custom_1540560004400\"><div class=\"wpb_wrapper\"><div class=\"key-icon-box icon-default icon-top cont-left ib-no-effect  kd-animated fadeInUp\" style=\"background-color: transparent;\" data-animation-delay=\"200\"><i class=\"iconsmind-Timer iconsmind-Photos-Class\" style=\" \"><\/i> <h5 class=\"service-heading\" >We Reduce Your Time Cost.<\/h5><\/div><\/div><\/div><\/div><div class=\"wpb_column vc_column_container vc_col-sm-4\"><div class=\"vc_column-inner vc_custom_1540560014080\"><div class=\"wpb_wrapper\"><div class=\"key-icon-box icon-default icon-top cont-left ib-no-effect  kd-animated fadeInUp\" style=\"background-color: transparent;\" data-animation-delay=\"400\"><i class=\"iconsmind-Money-2 iconsmind-Business-Finance\" style=\" \"><\/i> <h5 class=\"service-heading\" >We Provide Price Advantage.<\/h5><\/div><\/div><\/div><\/div><\/div><div class=\"vc_row wpb_row vc_inner vc_row-fluid vc_custom_1602860282705\"><div class=\"wpb_column vc_column_container vc_col-sm-4\"><div class=\"vc_column-inner vc_custom_1540559968536\"><div class=\"wpb_wrapper\"><div class=\"key-icon-box icon-default icon-top cont-left ib-no-effect  kd-animated fadeInUp\" style=\"background-color: transparent;\" ><i class=\"iconsmind-Crown iconsmind-Objects\" style=\" \"><\/i> <h5 class=\"service-heading\" >We produce the most suitable solution for you with our experienced and expert staff.<\/h5><\/div><\/div><\/div><\/div><div class=\"wpb_column vc_column_container vc_col-sm-4\"><div class=\"vc_column-inner vc_custom_1540560007529\"><div class=\"wpb_wrapper\"><div class=\"key-icon-box icon-default icon-top cont-left ib-no-effect  kd-animated fadeInUp\" style=\"background-color: transparent;\" data-animation-delay=\"200\"><i class=\"iconsmind-Thumbs-UpSmiley iconsmind-Emoticons\" style=\" \"><\/i> <h5 class=\"service-heading\" >We continuously reflect the service quality by providing continuous information to our customers about the processes.<\/h5><\/div><\/div><\/div><\/div><div class=\"wpb_column vc_column_container vc_col-sm-4\"><div class=\"vc_column-inner vc_custom_1540560017216\"><div class=\"wpb_wrapper\"><div class=\"key-icon-box icon-default icon-top cont-left ib-no-effect  kd-animated fadeInUp\" style=\"background-color: transparent;\" data-animation-delay=\"400\"><i class=\"iconsmind-Environmental-3 iconsmind-Nature\" style=\" \"><\/i> <h5 class=\"service-heading\" >We are nature friendly, products in pre-manufactured structures are completely recyclable. There is no carbon emission.<\/h5><\/div><\/div><\/div><\/div><\/div><div class=\"vc_row wpb_row vc_inner vc_row-fluid vc_custom_1540389064682 vc_row-has-padding-bottom\"><div class=\"wpb_column vc_column_container vc_col-sm-4\"><div class=\"vc_column-inner vc_custom_1540559968536\"><div class=\"wpb_wrapper\"><div class=\"key-icon-box icon-default icon-top cont-left ib-no-effect  kd-animated fadeInUp\" style=\"background-color: transparent;\" ><i class=\"iconsmind-Letter-Open iconsmind-Emails\" style=\" \"><\/i> <h5 class=\"service-heading\" >By securing the time of the project with a contract, you predict when it will end and you will not encounter surprises.<\/h5><\/div><\/div><\/div><\/div><div class=\"wpb_column vc_column_container vc_col-sm-4\"><div class=\"vc_column-inner vc_custom_1540560007529\"><div class=\"wpb_wrapper\"><div class=\"key-icon-box icon-default icon-top cont-left ib-no-effect  kd-animated fadeInUp\" style=\"background-color: transparent;\" data-animation-delay=\"200\"><i class=\"iconsmind-Recycling-2 iconsmind-Nature\" style=\" \"><\/i> <h5 class=\"service-heading\" >We reflect our ecological sensitivity with our technology and the materials we use, and act with sustainability awareness.<\/h5><\/div><\/div><\/div><\/div><div class=\"wpb_column vc_column_container vc_col-sm-4\"><div class=\"vc_column-inner vc_custom_1540560017216\"><div class=\"wpb_wrapper\"><div class=\"key-icon-box icon-default icon-top cont-left ib-no-effect  kd-animated fadeInUp\" style=\"background-color: transparent;\" data-animation-delay=\"400\"><i class=\"iconsmind-Support iconsmind-User-Interface\" style=\" \"><\/i> <h5 class=\"service-heading\" >We stand behind our products in pre-sales and post-sales processes and ensure customer satisfaction with a quality service approach.<\/h5><\/div><\/div><\/div><\/div><\/div><\/div><\/div><\/div><\/div><div class=\"vc_row-full-width vc_clearfix\"><\/div><div id=\"teklifal\" data-vc-full-width=\"true\" data-vc-full-width-init=\"false\" data-vc-kd-parallax=\"1.4\" class=\"vc_row wpb_row vc_row-fluid vc_custom_1603044897525 vc_row-has-fill vc_general kd_vc_parallax kd_vc_parallax-content-moving\"><div class=\"parallax-overlay\" data-vc-kd-parallax=\"1.4\"><\/div><div class=\"kd-overlay\"  style=\"background-color:rgba(0,0,0,0.7);\"><\/div><div class=\"wpb_column vc_column_container vc_col-sm-12\"><div class=\"vc_column-inner vc_custom_1516095225433\"><div class=\"wpb_wrapper\"><div class=\"vc_row wpb_row vc_inner vc_row-fluid vc_custom_1555673013129 vc_row-has-padding-top vc_row-has-padding-bottom\"><div class=\"wpb_column vc_column_container vc_col-sm-1\"><div class=\"vc_column-inner vc_custom_1515166784808\"><div class=\"wpb_wrapper\"><\/div><\/div><\/div><div class=\"wpb_column vc_column_container vc_col-sm-4\"><div class=\"vc_column-inner\"><div class=\"wpb_wrapper\"><header class=\"kd-section-title col-lg-12 text-left  kd-animated fadeIn   vc_custom_1603044746078\" data-animation-delay=\"200\"><h2 class=\"separator_off\" style=\"color: #ffffff;\">Konesta Yap\u0131 provides maximum benefit with minimum cost.<\/h2><h6 class=\"subtitle\" style=\"color: #eeeeee;\">By filling out the contact form, you can take the first step to maximize your experience with the service you need!<\/h6><\/header><\/div><\/div><\/div><div class=\"wpb_column vc_column_container vc_col-sm-1\"><div class=\"vc_column-inner\"><div class=\"wpb_wrapper\"><\/div><\/div><\/div><div class=\"wpb_column vc_column_container vc_col-sm-5\"><div class=\"vc_column-inner\"><div class=\"wpb_wrapper\"><h4 style=\"color: #ffffff;text-align: left\" class=\"vc_custom_heading wpb_animate_when_almost_visible wpb_fadeIn fadeIn vc_custom_1603044762812\" >We will contact with you as soon as possible.<\/h4><div class=\"kd-contact-form full-width-cf white-input-bg\" >\n<div class=\"wpcf7 no-js\" id=\"wpcf7-f4439-o1\" lang=\"en-US\" dir=\"ltr\">\n<div class=\"screen-reader-response\"><p role=\"status\" aria-live=\"polite\" aria-atomic=\"true\"><\/p> <ul><\/ul><\/div>\n<form action=\"\/en\/wp-json\/wp\/v2\/pages\/7502#wpcf7-f4439-o1\" method=\"post\" class=\"wpcf7-form init\" aria-label=\"Contact form\" novalidate=\"novalidate\" data-status=\"init\" data-trp-original-action=\"\/en\/wp-json\/wp\/v2\/pages\/7502#wpcf7-f4439-o1\">\n<div style=\"display: none;\">\n<input type=\"hidden\" name=\"_wpcf7\" value=\"4439\" \/>\n<input type=\"hidden\" name=\"_wpcf7_version\" value=\"5.9.4\" \/>\n<input type=\"hidden\" name=\"_wpcf7_locale\" value=\"en_US\" \/>\n<input type=\"hidden\" name=\"_wpcf7_unit_tag\" value=\"wpcf7-f4439-o1\" \/>\n<input type=\"hidden\" name=\"_wpcf7_container_post\" value=\"0\" \/>\n<input type=\"hidden\" name=\"_wpcf7_posted_data_hash\" value=\"\" \/>\n<input type=\"hidden\" name=\"_wpcf7_recaptcha_response\" value=\"\" \/>\n<\/div>\n<p><span class=\"wpcf7-form-control-wrap\" data-name=\"your-name\"><input size=\"40\" class=\"wpcf7-form-control wpcf7-text wpcf7-validates-as-required\" aria-required=\"true\" aria-invalid=\"false\" placeholder=\"Your name\" value=\"\" type=\"text\" name=\"your-name\" \/><\/span><br \/>\n<span class=\"wpcf7-form-control-wrap\" data-name=\"your-phone\"><input size=\"40\" class=\"wpcf7-form-control wpcf7-tel wpcf7-validates-as-required wpcf7-text wpcf7-validates-as-tel\" aria-required=\"true\" aria-invalid=\"false\" placeholder=\"Telephone\" value=\"\" type=\"tel\" name=\"your-phone\" \/><\/span><br \/>\n<span class=\"wpcf7-form-control-wrap\" data-name=\"your-email\"><input size=\"40\" class=\"wpcf7-form-control wpcf7-email wpcf7-validates-as-required wpcf7-text wpcf7-validates-as-email\" aria-required=\"true\" aria-invalid=\"false\" placeholder=\"Email\" value=\"\" type=\"email\" name=\"your-email\" \/><\/span>\n<\/p>\n<p class=\"yapicozumu\">Demanded Building Solution\n<\/p>\n<p><span class=\"wpcf7-form-control-wrap\" data-name=\"teklifal\"><select class=\"wpcf7-form-control wpcf7-select wpcf7-validates-as-required\" aria-required=\"true\" aria-invalid=\"false\" name=\"teklifal\"><option value=\"\">&#8212;Please choose an option&#8212;<\/option><option value=\"Hafif \u00c7elik\">Light Steel<\/option><option value=\"Yap\u0131sal \u00c7elik\">Structural Steel<\/option><option value=\"Konteyner\">Container<\/option><option value=\"\u015eantiye &amp; Kamp Binas\u0131\">Site &amp; Camp Building<\/option><option value=\"Fonksiyonel Binalar\">Functional Buildings<\/option><option value=\"Prefabrik\">Prefabricated<\/option><option value=\"\u00d6n \u00dcretimli Konut\">Pre-Engineered Housing<\/option><option value=\"Kabinler\">Cabins<\/option><\/select><\/span>\n<\/p>\n<p><input class=\"wpcf7-form-control wpcf7-submit has-spinner\" type=\"submit\" value=\"Send\" \/>\n<\/p><div class=\"wpcf7-response-output\" aria-hidden=\"true\"><\/div>\n<input type=\"hidden\" name=\"trp-form-language\" value=\"en\"\/><\/form>\n<\/div>\n<\/div><\/div><\/div><\/div><div class=\"wpb_column vc_column_container vc_col-sm-1\"><div class=\"vc_column-inner\"><div class=\"wpb_wrapper\"><\/div><\/div><\/div><\/div><\/div><\/div><\/div><\/div><div class=\"vc_row-full-width vc_clearfix\"><\/div>\n<\/section>","protected":false},"excerpt":{"rendered":"Environmental Policy Environmental Policy Aiming to establish a suitable environment for personnel to work in appropriate environments and to show themselves efficiently, Konesta [...]","protected":false},"author":1,"featured_media":0,"parent":0,"menu_order":0,"comment_status":"closed","ping_status":"closed","template":"","meta":{"_joinchat":[],"footnotes":""},"class_list":["post-7502","page","type-page","status-publish","hentry"],"yoast_head":"<!-- This site is optimized with the Yoast SEO plugin v22.7 - https:\/\/yoast.com\/wordpress\/plugins\/seo\/ -->\n<title>\u00c7evre &amp; \u0130\u015f Politikalar\u0131m\u0131z | KONESTA<\/title>\n<meta name=\"robots\" content=\"index, follow, max-snippet:-1, max-image-preview:large, max-video-preview:-1\" \/>\n<link rel=\"canonical\" href=\"https:\/\/konesta.com\/en\/cevre-is-politikalarimiz\/\" \/>\n<meta property=\"og:locale\" content=\"en_US\" \/>\n<meta property=\"og:type\" content=\"article\" \/>\n<meta property=\"og:title\" content=\"\u00c7evre &amp; \u0130\u015f Politikalar\u0131m\u0131z | KONESTA\" \/>\n<meta property=\"og:url\" content=\"https:\/\/konesta.com\/en\/cevre-is-politikalarimiz\/\" \/>\n<meta property=\"og:site_name\" content=\"KONESTA\" \/>\n<meta property=\"article:modified_time\" content=\"2020-10-20T12:46:12+00:00\" \/>\n<meta name=\"twitter:card\" content=\"summary_large_image\" \/>\n<meta name=\"twitter:label1\" content=\"Est. reading time\" \/>\n\t<meta name=\"twitter:data1\" content=\"8 minutes\" \/>\n<script type=\"application\/ld+json\" class=\"yoast-schema-graph\">{\"@context\":\"https:\/\/schema.org\",\"@graph\":[{\"@type\":\"WebPage\",\"@id\":\"https:\/\/konesta.com\/cevre-is-politikalarimiz\/\",\"url\":\"https:\/\/konesta.com\/cevre-is-politikalarimiz\/\",\"name\":\"\u00c7evre & \u0130\u015f Politikalar\u0131m\u0131z | KONESTA\",\"isPartOf\":{\"@id\":\"https:\/\/konesta.com\/#website\"},\"datePublished\":\"2020-10-16T14:45:38+00:00\",\"dateModified\":\"2020-10-20T12:46:12+00:00\",\"breadcrumb\":{\"@id\":\"https:\/\/konesta.com\/cevre-is-politikalarimiz\/#breadcrumb\"},\"inLanguage\":\"en-US\",\"potentialAction\":[{\"@type\":\"ReadAction\",\"target\":[\"https:\/\/konesta.com\/cevre-is-politikalarimiz\/\"]}]},{\"@type\":\"BreadcrumbList\",\"@id\":\"https:\/\/konesta.com\/cevre-is-politikalarimiz\/#breadcrumb\",\"itemListElement\":[{\"@type\":\"ListItem\",\"position\":1,\"name\":\"Ana sayfa\",\"item\":\"https:\/\/konesta.com\/\"},{\"@type\":\"ListItem\",\"position\":2,\"name\":\"\u00c7evre &#038; \u0130\u015f Politikalar\u0131m\u0131z\"}]},{\"@type\":\"WebSite\",\"@id\":\"https:\/\/konesta.com\/#website\",\"url\":\"https:\/\/konesta.com\/\",\"name\":\"KONESTA\",\"description\":\"Hafif \u00c7elik, Yap\u0131sal \u00c7elik, Prefabrik, Konteyner\",\"publisher\":{\"@id\":\"https:\/\/konesta.com\/#organization\"},\"potentialAction\":[{\"@type\":\"SearchAction\",\"target\":{\"@type\":\"EntryPoint\",\"urlTemplate\":\"https:\/\/konesta.com\/?s={search_term_string}\"},\"query-input\":\"required name=search_term_string\"}],\"inLanguage\":\"en-US\"},{\"@type\":\"Organization\",\"@id\":\"https:\/\/konesta.com\/#organization\",\"name\":\"Konesta Yap\u0131 \u00c7\u00f6z\u00fcmleri San ve Tic A.\u015e\",\"url\":\"https:\/\/konesta.com\/\",\"logo\":{\"@type\":\"ImageObject\",\"inLanguage\":\"en-US\",\"@id\":\"https:\/\/konesta.com\/#\/schema\/logo\/image\/\",\"url\":\"http:\/\/konesta.com\/wp-content\/uploads\/2021\/04\/konestanon.png\",\"contentUrl\":\"http:\/\/konesta.com\/wp-content\/uploads\/2021\/04\/konestanon.png\",\"width\":854,\"height\":854,\"caption\":\"Konesta Yap\u0131 \u00c7\u00f6z\u00fcmleri San ve Tic A.\u015e\"},\"image\":{\"@id\":\"https:\/\/konesta.com\/#\/schema\/logo\/image\/\"}}]}<\/script>\n<!-- \/ Yoast SEO plugin. -->","yoast_head_json":{"title":"\u00c7evre & \u0130\u015f Politikalar\u0131m\u0131z | KONESTA","robots":{"index":"index","follow":"follow","max-snippet":"max-snippet:-1","max-image-preview":"max-image-preview:large","max-video-preview":"max-video-preview:-1"},"canonical":"https:\/\/konesta.com\/en\/cevre-is-politikalarimiz\/","og_locale":"en_US","og_type":"article","og_title":"\u00c7evre & \u0130\u015f Politikalar\u0131m\u0131z | KONESTA","og_url":"https:\/\/konesta.com\/en\/cevre-is-politikalarimiz\/","og_site_name":"KONESTA","article_modified_time":"2020-10-20T12:46:12+00:00","twitter_card":"summary_large_image","twitter_misc":{"Est. reading time":"8 minutes"},"schema":{"@context":"https:\/\/schema.org","@graph":[{"@type":"WebPage","@id":"https:\/\/konesta.com\/cevre-is-politikalarimiz\/","url":"https:\/\/konesta.com\/cevre-is-politikalarimiz\/","name":"\u00c7evre & \u0130\u015f Politikalar\u0131m\u0131z | KONESTA","isPartOf":{"@id":"https:\/\/konesta.com\/#website"},"datePublished":"2020-10-16T14:45:38+00:00","dateModified":"2020-10-20T12:46:12+00:00","breadcrumb":{"@id":"https:\/\/konesta.com\/cevre-is-politikalarimiz\/#breadcrumb"},"inLanguage":"en-US","potentialAction":[{"@type":"ReadAction","target":["https:\/\/konesta.com\/cevre-is-politikalarimiz\/"]}]},{"@type":"BreadcrumbList","@id":"https:\/\/konesta.com\/cevre-is-politikalarimiz\/#breadcrumb","itemListElement":[{"@type":"ListItem","position":1,"name":"Ana sayfa","item":"https:\/\/konesta.com\/"},{"@type":"ListItem","position":2,"name":"\u00c7evre &#038; \u0130\u015f Politikalar\u0131m\u0131z"}]},{"@type":"WebSite","@id":"https:\/\/konesta.com\/#website","url":"https:\/\/konesta.com\/","name":"KONESTA","description":"Hafif \u00c7elik, Yap\u0131sal \u00c7elik, Prefabrik, Konteyner","publisher":{"@id":"https:\/\/konesta.com\/#organization"},"potentialAction":[{"@type":"SearchAction","target":{"@type":"EntryPoint","urlTemplate":"https:\/\/konesta.com\/?s={search_term_string}"},"query-input":"required name=search_term_string"}],"inLanguage":"en-US"},{"@type":"Organization","@id":"https:\/\/konesta.com\/#organization","name":"Konesta Yap\u0131 \u00c7\u00f6z\u00fcmleri San ve Tic A.\u015e","url":"https:\/\/konesta.com\/","logo":{"@type":"ImageObject","inLanguage":"en-US","@id":"https:\/\/konesta.com\/#\/schema\/logo\/image\/","url":"http:\/\/konesta.com\/wp-content\/uploads\/2021\/04\/konestanon.png","contentUrl":"http:\/\/konesta.com\/wp-content\/uploads\/2021\/04\/konestanon.png","width":854,"height":854,"caption":"Konesta Yap\u0131 \u00c7\u00f6z\u00fcmleri San ve Tic A.\u015e"},"image":{"@id":"https:\/\/konesta.com\/#\/schema\/logo\/image\/"}}]}},"_links":{"self":[{"href":"https:\/\/konesta.com\/en\/wp-json\/wp\/v2\/pages\/7502","targetHints":{"allow":["GET"]}}],"collection":[{"href":"https:\/\/konesta.com\/en\/wp-json\/wp\/v2\/pages"}],"about":[{"href":"https:\/\/konesta.com\/en\/wp-json\/wp\/v2\/types\/page"}],"author":[{"embeddable":true,"href":"https:\/\/konesta.com\/en\/wp-json\/wp\/v2\/users\/1"}],"replies":[{"embeddable":true,"href":"https:\/\/konesta.com\/en\/wp-json\/wp\/v2\/comments?post=7502"}],"version-history":[{"count":0,"href":"https:\/\/konesta.com\/en\/wp-json\/wp\/v2\/pages\/7502\/revisions"}],"wp:attachment":[{"href":"https:\/\/konesta.com\/en\/wp-json\/wp\/v2\/media?parent=7502"}],"curies":[{"name":"wp","href":"https:\/\/api.w.org\/{rel}","templated":true}]}}