{"id":7521,"date":"2020-10-18T21:19:40","date_gmt":"2020-10-18T18:19:40","guid":{"rendered":"http:\/\/konesta.com\/?page_id=7521"},"modified":"2020-10-26T14:46:59","modified_gmt":"2020-10-26T11:46:59","slug":"konteyner","status":"publish","type":"page","link":"https:\/\/konesta.com\/en\/konteyner\/","title":{"rendered":"Container"},"content":{"rendered":"<section class=\"wpb-content-wrapper\"><div class=\"vc_row wpb_row vc_row-fluid vc_custom_1556018461316 vc_row-has-padding-top vc_row-has-padding-bottom\"><div class=\"wpb_column vc_column_container vc_col-sm-12\"><div class=\"vc_column-inner\"><div class=\"wpb_wrapper\"><div class=\"feature-sections-wrapper kd-fsp-69e030e0b4c61\">\r\n            <section class=\"feature-sections-tabs\">\r\n              <nav class=\"kd-feature-tabs\">\r\n                <ul class=\"nav nav-tabs sticky-tabs container\">\r\n                <\/ul>\r\n              <\/nav>\r\n            <\/section>\r\n            <section id=\"kd-fss-69e030e0b4cfb\" class=\"featured-right\"><li class=\"nav-label\"><a class=\"feature-tabs-scroll\" href=\"#kd-fss-69e030e0b4cfb\"><i class=\"iconsmind-Information iconsmind-User-Interface fss-nav-icon\" style=\" \"><\/i> What is a container?<\/a><\/li><div class=\"container\">\r\n                <div class=\"side-content-wrapper kd-animated fadeInLeft\" data-animation-delay=\"200\"><i class=\"iconsmind-Information iconsmind-User-Interface section-icon\" style=\" \"><\/i> <h2 class=\"side-content-title\" >What is a container?<\/h2><h6 class=\"side-content-subtitle\" >Container also known as living containers; These are areas that employees working on construction sites can use as dormitories and offices. Apart from this, it offers comfortable living spaces as it is built for temporary use in daily used areas such as vineyards and gardens. It can also be used as sales office, hospital, school building. As it is designed ready to use during the production phase, there is no need for an extra process.<\/h6><\/div><div class=\"side-featured-wrapper fss-rectangle kd-animated fadeInRight fss-shadow-image\" data-animation-delay=\"200\">\r\n      <div class=\"featured-image\"><a data-size=\"1024x683\" href=\"https:\/\/konesta.com\/wp-content\/uploads\/2020\/10\/honomobo-modern-modular-prefab-container-homes-in-living-a-storage-designs-10-1024x683.jpg\"><img loading=\"lazy\" decoding=\"async\" width=\"2500\" height=\"1667\" src=\"https:\/\/konesta.com\/wp-content\/uploads\/2020\/10\/honomobo-modern-modular-prefab-container-homes-in-living-a-storage-designs-10.jpg\" class=\"attachment-full\" alt=\"\" title=\"honomobo-modern-modular-prefab-container-homes-in-living-a-storage-designs-10\" srcset=\"https:\/\/konesta.com\/wp-content\/uploads\/2020\/10\/honomobo-modern-modular-prefab-container-homes-in-living-a-storage-designs-10.jpg 2500w, https:\/\/konesta.com\/wp-content\/uploads\/2020\/10\/honomobo-modern-modular-prefab-container-homes-in-living-a-storage-designs-10-300x200.jpg 300w, https:\/\/konesta.com\/wp-content\/uploads\/2020\/10\/honomobo-modern-modular-prefab-container-homes-in-living-a-storage-designs-10-1024x683.jpg 1024w, https:\/\/konesta.com\/wp-content\/uploads\/2020\/10\/honomobo-modern-modular-prefab-container-homes-in-living-a-storage-designs-10-768x512.jpg 768w, https:\/\/konesta.com\/wp-content\/uploads\/2020\/10\/honomobo-modern-modular-prefab-container-homes-in-living-a-storage-designs-10-1536x1024.jpg 1536w, https:\/\/konesta.com\/wp-content\/uploads\/2020\/10\/honomobo-modern-modular-prefab-container-homes-in-living-a-storage-designs-10-2048x1366.jpg 2048w, https:\/\/konesta.com\/wp-content\/uploads\/2020\/10\/honomobo-modern-modular-prefab-container-homes-in-living-a-storage-designs-10-800x533.jpg 800w\" sizes=\"auto, (max-width: 2500px) 100vw, 2500px\" \/><\/a><\/div>\r\n    <\/div><\/div>\r\n            <\/section><section id=\"kd-fss-69e030e0b54a1\" class=\"featured-left\"><li class=\"nav-label\"><a class=\"feature-tabs-scroll\" href=\"#kd-fss-69e030e0b54a1\"><i class=\"iconsmind-Check iconsmind-Interface fss-nav-icon\" style=\" \"><\/i> Advantages<\/a><\/li><div class=\"container\">\r\n                <div class=\"side-content-wrapper kd-animated fadeInRight\" data-animation-delay=\"200\"><i class=\"iconsmind-Check iconsmind-Interface section-icon\" style=\" \"><\/i> <h2 class=\"side-content-title\" >Advantages<\/h2><h6 class=\"side-content-subtitle\" >Container houses, which stand out as one of the most popular buildings of recent years, are designed in a style suitable for living inside and made suitable for living at least as much as other traditional buildings. In fact, container houses, which offer a more advantageous living space than reinforced concrete and other types of houses, attract the attention of large masses with their easy-to-build structure and economy.<\/h6><div class=\"side-content-text\" ><\/p>\n<ul>\n<li>Container production can be made in different plans and sizes.<\/li>\n<\/ul>\n<p>\n<\/div><div class=\"side-content-link sc-primary-btn\"><a href=\"#teklifal\" target=\"_self\" title=\"Get Offer\" class=\"tt_button tt_primary_button btn_primary_color button-action-link\">Get Offer<\/a><\/div><\/div><div class=\"side-featured-wrapper fss-rectangle kd-animated fadeInLeft fss-shadow-image\" data-animation-delay=\"200\">\r\n      <div class=\"featured-image\"><a data-size=\"990x660\" href=\"https:\/\/konesta.com\/wp-content\/uploads\/2020\/10\/10989440_932026786830285_8994829056965023064_o.jpg\"><img loading=\"lazy\" decoding=\"async\" width=\"990\" height=\"660\" src=\"https:\/\/konesta.com\/wp-content\/uploads\/2020\/10\/10989440_932026786830285_8994829056965023064_o.jpg\" class=\"attachment-full\" alt=\"\" title=\"10989440_932026786830285_8994829056965023064_o\" srcset=\"https:\/\/konesta.com\/wp-content\/uploads\/2020\/10\/10989440_932026786830285_8994829056965023064_o.jpg 990w, https:\/\/konesta.com\/wp-content\/uploads\/2020\/10\/10989440_932026786830285_8994829056965023064_o-300x200.jpg 300w, https:\/\/konesta.com\/wp-content\/uploads\/2020\/10\/10989440_932026786830285_8994829056965023064_o-768x512.jpg 768w, https:\/\/konesta.com\/wp-content\/uploads\/2020\/10\/10989440_932026786830285_8994829056965023064_o-800x533.jpg 800w\" sizes=\"auto, (max-width: 990px) 100vw, 990px\" \/><\/a><\/div>\r\n    <\/div><\/div>\r\n            <\/section>\r\n            <\/div><style type=\"text\/css\"><\/style><\/div><\/div><\/div><\/div><div data-vc-full-width=\"true\" data-vc-full-width-init=\"false\" class=\"vc_row wpb_row vc_row-fluid vc_custom_1603044481220 vc_row-has-fill vc_row-has-padding-top vc_row-has-padding-bottom\"><div class=\"wpb_column vc_column_container vc_col-sm-12\"><div class=\"vc_column-inner\"><div class=\"wpb_wrapper\"><div class=\"photo-gallery-wrapper enable-transparent-items kd-photo-gallery-69e030e0b5a14 nav-arrows-dots\">\r\n              <div class=\"gallery-items\"><a href=\"https:\/\/konesta.com\/wp-content\/uploads\/2020\/10\/SmartSelect_20201012-114516_Instagram.jpg\" data-size=\"719x895\"  ><img loading=\"lazy\" decoding=\"async\" width=\"719\" height=\"895\" src=\"https:\/\/konesta.com\/wp-content\/uploads\/2020\/10\/SmartSelect_20201012-114516_Instagram.jpg\" class=\"attachment-full\" alt=\"\" title=\"SmartSelect_20201012-114516_Instagram\" srcset=\"https:\/\/konesta.com\/wp-content\/uploads\/2020\/10\/SmartSelect_20201012-114516_Instagram.jpg 719w, https:\/\/konesta.com\/wp-content\/uploads\/2020\/10\/SmartSelect_20201012-114516_Instagram-241x300.jpg 241w\" sizes=\"auto, (max-width: 719px) 100vw, 719px\" \/><\/a><a href=\"https:\/\/konesta.com\/wp-content\/uploads\/2020\/10\/6d463369e5a901773e5a960c9eaf100b-1024x904.jpg\" data-size=\"1024x904\"  ><img loading=\"lazy\" decoding=\"async\" width=\"1275\" height=\"1125\" src=\"https:\/\/konesta.com\/wp-content\/uploads\/2020\/10\/6d463369e5a901773e5a960c9eaf100b.jpg\" class=\"attachment-full\" alt=\"\" title=\"6d463369e5a901773e5a960c9eaf100b\" srcset=\"https:\/\/konesta.com\/wp-content\/uploads\/2020\/10\/6d463369e5a901773e5a960c9eaf100b.jpg 1275w, https:\/\/konesta.com\/wp-content\/uploads\/2020\/10\/6d463369e5a901773e5a960c9eaf100b-300x265.jpg 300w, https:\/\/konesta.com\/wp-content\/uploads\/2020\/10\/6d463369e5a901773e5a960c9eaf100b-1024x904.jpg 1024w, https:\/\/konesta.com\/wp-content\/uploads\/2020\/10\/6d463369e5a901773e5a960c9eaf100b-768x678.jpg 768w, https:\/\/konesta.com\/wp-content\/uploads\/2020\/10\/6d463369e5a901773e5a960c9eaf100b-800x706.jpg 800w\" sizes=\"auto, (max-width: 1275px) 100vw, 1275px\" \/><\/a><a href=\"https:\/\/konesta.com\/wp-content\/uploads\/2020\/10\/Casa_por_fuera.jpg\" data-size=\"750x500\"  ><img loading=\"lazy\" decoding=\"async\" width=\"750\" height=\"500\" src=\"https:\/\/konesta.com\/wp-content\/uploads\/2020\/10\/Casa_por_fuera.jpg\" class=\"attachment-full\" alt=\"\" title=\"Casa_por_fuera\" srcset=\"https:\/\/konesta.com\/wp-content\/uploads\/2020\/10\/Casa_por_fuera.jpg 750w, https:\/\/konesta.com\/wp-content\/uploads\/2020\/10\/Casa_por_fuera-300x200.jpg 300w\" sizes=\"auto, (max-width: 750px) 100vw, 750px\" \/><\/a><\/div>\r\n            <\/div><script type=\"text\/javascript\">\r\n              jQuery(document).ready(function($){\r\n                if ($(\".kd-photo-gallery-69e030e0b5a14 .gallery-items\").length) {\r\n                  $(\".kd-photo-gallery-69e030e0b5a14 .gallery-items\").owlCarousel({\r\n                    stageClass: \"owl-wrapper\",\r\n                    stageOuterClass: \"owl-wrapper-outer\",\r\n                    loadedClass: \"owl-carousel\",\r\n                    items: 1,\r\n                    rewind: true,\r\n                    responsive:{\r\n                        0:{\r\n                            dots: false,\r\n                            nav: true,\r\n                            navSpeed: 500,\r\n                        },\r\n                        1366:{\nnav: true,\r\n                              navSpeed: 500,\r\n                              dots: true,\r\n                              dotsSpeed: 500,\r\n                              dotsEach: true,}\r\n                    },\nautoplay: false,\nautoplayHoverPause: false,\r\n                    addClassActive: true,\r\n                  });\r\n                }\r\n              });\r\n            <\/script><\/div><\/div><\/div><\/div><div class=\"vc_row-full-width vc_clearfix\"><\/div><div id=\"teklifal\" data-vc-full-width=\"true\" data-vc-full-width-init=\"false\" data-vc-kd-parallax=\"1.4\" class=\"vc_row wpb_row vc_row-fluid vc_custom_1603044897525 vc_row-has-fill vc_general kd_vc_parallax kd_vc_parallax-content-moving\"><div class=\"parallax-overlay\" data-vc-kd-parallax=\"1.4\"><\/div><div class=\"kd-overlay\"  style=\"background-color:rgba(0,0,0,0.7);\"><\/div><div class=\"wpb_column vc_column_container vc_col-sm-12\"><div class=\"vc_column-inner vc_custom_1516095225433\"><div class=\"wpb_wrapper\"><div class=\"vc_row wpb_row vc_inner vc_row-fluid vc_custom_1555673013129 vc_row-has-padding-top vc_row-has-padding-bottom\"><div class=\"wpb_column vc_column_container vc_col-sm-1\"><div class=\"vc_column-inner vc_custom_1515166784808\"><div class=\"wpb_wrapper\"><\/div><\/div><\/div><div class=\"wpb_column vc_column_container vc_col-sm-4\"><div class=\"vc_column-inner\"><div class=\"wpb_wrapper\"><header class=\"kd-section-title col-lg-12 text-left  kd-animated fadeIn   vc_custom_1603044746078\" data-animation-delay=\"200\"><h2 class=\"separator_off\" style=\"color: #ffffff;\">Konesta Yap\u0131 provides maximum benefit with minimum cost.<\/h2><h6 class=\"subtitle\" style=\"color: #eeeeee;\">By filling out the contact form, you can take the first step to maximize your experience with the service you need!<\/h6><\/header><\/div><\/div><\/div><div class=\"wpb_column vc_column_container vc_col-sm-1\"><div class=\"vc_column-inner\"><div class=\"wpb_wrapper\"><\/div><\/div><\/div><div class=\"wpb_column vc_column_container vc_col-sm-5\"><div class=\"vc_column-inner\"><div class=\"wpb_wrapper\"><h4 style=\"color: #ffffff;text-align: left\" class=\"vc_custom_heading wpb_animate_when_almost_visible wpb_fadeIn fadeIn vc_custom_1603044762812\" >We will contact with you as soon as possible.<\/h4><div class=\"kd-contact-form full-width-cf white-input-bg\" >\n<div class=\"wpcf7 no-js\" id=\"wpcf7-f4439-o1\" lang=\"en-US\" dir=\"ltr\">\n<div class=\"screen-reader-response\"><p role=\"status\" aria-live=\"polite\" aria-atomic=\"true\"><\/p> <ul><\/ul><\/div>\n<form action=\"\/en\/wp-json\/wp\/v2\/pages\/7521#wpcf7-f4439-o1\" method=\"post\" class=\"wpcf7-form init\" aria-label=\"Contact form\" novalidate=\"novalidate\" data-status=\"init\" data-trp-original-action=\"\/en\/wp-json\/wp\/v2\/pages\/7521#wpcf7-f4439-o1\">\n<div style=\"display: none;\">\n<input type=\"hidden\" name=\"_wpcf7\" value=\"4439\" \/>\n<input type=\"hidden\" name=\"_wpcf7_version\" value=\"5.9.4\" \/>\n<input type=\"hidden\" name=\"_wpcf7_locale\" value=\"en_US\" \/>\n<input type=\"hidden\" name=\"_wpcf7_unit_tag\" value=\"wpcf7-f4439-o1\" \/>\n<input type=\"hidden\" name=\"_wpcf7_container_post\" value=\"0\" \/>\n<input type=\"hidden\" name=\"_wpcf7_posted_data_hash\" value=\"\" \/>\n<input type=\"hidden\" name=\"_wpcf7_recaptcha_response\" value=\"\" \/>\n<\/div>\n<p><span class=\"wpcf7-form-control-wrap\" data-name=\"your-name\"><input size=\"40\" class=\"wpcf7-form-control wpcf7-text wpcf7-validates-as-required\" aria-required=\"true\" aria-invalid=\"false\" placeholder=\"Your name\" value=\"\" type=\"text\" name=\"your-name\" \/><\/span><br \/>\n<span class=\"wpcf7-form-control-wrap\" data-name=\"your-phone\"><input size=\"40\" class=\"wpcf7-form-control wpcf7-tel wpcf7-validates-as-required wpcf7-text wpcf7-validates-as-tel\" aria-required=\"true\" aria-invalid=\"false\" placeholder=\"Telephone\" value=\"\" type=\"tel\" name=\"your-phone\" \/><\/span><br \/>\n<span class=\"wpcf7-form-control-wrap\" data-name=\"your-email\"><input size=\"40\" class=\"wpcf7-form-control wpcf7-email wpcf7-validates-as-required wpcf7-text wpcf7-validates-as-email\" aria-required=\"true\" aria-invalid=\"false\" placeholder=\"Email\" value=\"\" type=\"email\" name=\"your-email\" \/><\/span>\n<\/p>\n<p class=\"yapicozumu\">Demanded Building Solution\n<\/p>\n<p><span class=\"wpcf7-form-control-wrap\" data-name=\"teklifal\"><select class=\"wpcf7-form-control wpcf7-select wpcf7-validates-as-required\" aria-required=\"true\" aria-invalid=\"false\" name=\"teklifal\"><option value=\"\">&#8212;Please choose an option&#8212;<\/option><option value=\"Hafif \u00c7elik\">Light Steel<\/option><option value=\"Yap\u0131sal \u00c7elik\">Structural Steel<\/option><option value=\"Konteyner\">Container<\/option><option value=\"\u015eantiye &amp; Kamp Binas\u0131\">Site &amp; Camp Building<\/option><option value=\"Fonksiyonel Binalar\">Functional Buildings<\/option><option value=\"Prefabrik\">Prefabricated<\/option><option value=\"\u00d6n \u00dcretimli Konut\">Pre-Engineered Housing<\/option><option value=\"Kabinler\">Cabins<\/option><\/select><\/span>\n<\/p>\n<p><input class=\"wpcf7-form-control wpcf7-submit has-spinner\" type=\"submit\" value=\"Send\" \/>\n<\/p><div class=\"wpcf7-response-output\" aria-hidden=\"true\"><\/div>\n<input type=\"hidden\" name=\"trp-form-language\" value=\"en\"\/><\/form>\n<\/div>\n<\/div><\/div><\/div><\/div><div class=\"wpb_column vc_column_container vc_col-sm-1\"><div class=\"vc_column-inner\"><div class=\"wpb_wrapper\"><\/div><\/div><\/div><\/div><\/div><\/div><\/div><\/div><div class=\"vc_row-full-width vc_clearfix\"><\/div>\n<\/section>","protected":false},"excerpt":{"rendered":"What is a container? Container What is a container, also known as living containers; These are areas that employees working on construction sites can use as dormitories and offices. Except this [...]","protected":false},"author":1,"featured_media":7868,"parent":0,"menu_order":0,"comment_status":"closed","ping_status":"closed","template":"","meta":{"_joinchat":[],"footnotes":""},"class_list":["post-7521","page","type-page","status-publish","has-post-thumbnail","hentry"],"yoast_head":"<!-- This site is optimized with the Yoast SEO plugin v22.7 - https:\/\/yoast.com\/wordpress\/plugins\/seo\/ -->\n<title>Konteyner | KONESTA<\/title>\n<meta name=\"robots\" content=\"index, follow, max-snippet:-1, max-image-preview:large, max-video-preview:-1\" \/>\n<link rel=\"canonical\" href=\"https:\/\/konesta.com\/en\/konteyner\/\" \/>\n<meta property=\"og:locale\" content=\"en_US\" \/>\n<meta property=\"og:type\" content=\"article\" \/>\n<meta property=\"og:title\" content=\"Konteyner | KONESTA\" \/>\n<meta property=\"og:url\" content=\"https:\/\/konesta.com\/en\/konteyner\/\" \/>\n<meta property=\"og:site_name\" content=\"KONESTA\" \/>\n<meta property=\"article:modified_time\" content=\"2020-10-26T11:46:59+00:00\" \/>\n<meta property=\"og:image\" content=\"http:\/\/konesta.com\/wp-content\/uploads\/2020\/10\/konteyner1.jpg\" \/>\n\t<meta property=\"og:image:width\" content=\"1920\" \/>\n\t<meta property=\"og:image:height\" content=\"500\" \/>\n\t<meta property=\"og:image:type\" content=\"image\/jpeg\" \/>\n<meta name=\"twitter:card\" content=\"summary_large_image\" \/>\n<meta name=\"twitter:label1\" content=\"Est. reading time\" \/>\n\t<meta name=\"twitter:data1\" content=\"4 minutes\" \/>\n<script type=\"application\/ld+json\" class=\"yoast-schema-graph\">{\"@context\":\"https:\/\/schema.org\",\"@graph\":[{\"@type\":\"WebPage\",\"@id\":\"https:\/\/konesta.com\/konteyner\/\",\"url\":\"https:\/\/konesta.com\/konteyner\/\",\"name\":\"Konteyner | KONESTA\",\"isPartOf\":{\"@id\":\"https:\/\/konesta.com\/#website\"},\"primaryImageOfPage\":{\"@id\":\"https:\/\/konesta.com\/konteyner\/#primaryimage\"},\"image\":{\"@id\":\"https:\/\/konesta.com\/konteyner\/#primaryimage\"},\"thumbnailUrl\":\"https:\/\/konesta.com\/wp-content\/uploads\/2020\/10\/konteyner1.jpg\",\"datePublished\":\"2020-10-18T18:19:40+00:00\",\"dateModified\":\"2020-10-26T11:46:59+00:00\",\"breadcrumb\":{\"@id\":\"https:\/\/konesta.com\/konteyner\/#breadcrumb\"},\"inLanguage\":\"en-US\",\"potentialAction\":[{\"@type\":\"ReadAction\",\"target\":[\"https:\/\/konesta.com\/konteyner\/\"]}]},{\"@type\":\"ImageObject\",\"inLanguage\":\"en-US\",\"@id\":\"https:\/\/konesta.com\/konteyner\/#primaryimage\",\"url\":\"https:\/\/konesta.com\/wp-content\/uploads\/2020\/10\/konteyner1.jpg\",\"contentUrl\":\"https:\/\/konesta.com\/wp-content\/uploads\/2020\/10\/konteyner1.jpg\",\"width\":1920,\"height\":500},{\"@type\":\"BreadcrumbList\",\"@id\":\"https:\/\/konesta.com\/konteyner\/#breadcrumb\",\"itemListElement\":[{\"@type\":\"ListItem\",\"position\":1,\"name\":\"Ana sayfa\",\"item\":\"https:\/\/konesta.com\/\"},{\"@type\":\"ListItem\",\"position\":2,\"name\":\"Konteyner\"}]},{\"@type\":\"WebSite\",\"@id\":\"https:\/\/konesta.com\/#website\",\"url\":\"https:\/\/konesta.com\/\",\"name\":\"KONESTA\",\"description\":\"Hafif \u00c7elik, Yap\u0131sal \u00c7elik, Prefabrik, Konteyner\",\"publisher\":{\"@id\":\"https:\/\/konesta.com\/#organization\"},\"potentialAction\":[{\"@type\":\"SearchAction\",\"target\":{\"@type\":\"EntryPoint\",\"urlTemplate\":\"https:\/\/konesta.com\/?s={search_term_string}\"},\"query-input\":\"required name=search_term_string\"}],\"inLanguage\":\"en-US\"},{\"@type\":\"Organization\",\"@id\":\"https:\/\/konesta.com\/#organization\",\"name\":\"Konesta Yap\u0131 \u00c7\u00f6z\u00fcmleri San ve Tic A.\u015e\",\"url\":\"https:\/\/konesta.com\/\",\"logo\":{\"@type\":\"ImageObject\",\"inLanguage\":\"en-US\",\"@id\":\"https:\/\/konesta.com\/#\/schema\/logo\/image\/\",\"url\":\"http:\/\/konesta.com\/wp-content\/uploads\/2021\/04\/konestanon.png\",\"contentUrl\":\"http:\/\/konesta.com\/wp-content\/uploads\/2021\/04\/konestanon.png\",\"width\":854,\"height\":854,\"caption\":\"Konesta Yap\u0131 \u00c7\u00f6z\u00fcmleri San ve Tic A.\u015e\"},\"image\":{\"@id\":\"https:\/\/konesta.com\/#\/schema\/logo\/image\/\"}}]}<\/script>\n<!-- \/ Yoast SEO plugin. -->","yoast_head_json":{"title":"Konteyner | KONESTA","robots":{"index":"index","follow":"follow","max-snippet":"max-snippet:-1","max-image-preview":"max-image-preview:large","max-video-preview":"max-video-preview:-1"},"canonical":"https:\/\/konesta.com\/en\/konteyner\/","og_locale":"en_US","og_type":"article","og_title":"Konteyner | KONESTA","og_url":"https:\/\/konesta.com\/en\/konteyner\/","og_site_name":"KONESTA","article_modified_time":"2020-10-26T11:46:59+00:00","og_image":[{"width":1920,"height":500,"url":"http:\/\/konesta.com\/wp-content\/uploads\/2020\/10\/konteyner1.jpg","type":"image\/jpeg"}],"twitter_card":"summary_large_image","twitter_misc":{"Est. reading time":"4 minutes"},"schema":{"@context":"https:\/\/schema.org","@graph":[{"@type":"WebPage","@id":"https:\/\/konesta.com\/konteyner\/","url":"https:\/\/konesta.com\/konteyner\/","name":"Konteyner | KONESTA","isPartOf":{"@id":"https:\/\/konesta.com\/#website"},"primaryImageOfPage":{"@id":"https:\/\/konesta.com\/konteyner\/#primaryimage"},"image":{"@id":"https:\/\/konesta.com\/konteyner\/#primaryimage"},"thumbnailUrl":"https:\/\/konesta.com\/wp-content\/uploads\/2020\/10\/konteyner1.jpg","datePublished":"2020-10-18T18:19:40+00:00","dateModified":"2020-10-26T11:46:59+00:00","breadcrumb":{"@id":"https:\/\/konesta.com\/konteyner\/#breadcrumb"},"inLanguage":"en-US","potentialAction":[{"@type":"ReadAction","target":["https:\/\/konesta.com\/konteyner\/"]}]},{"@type":"ImageObject","inLanguage":"en-US","@id":"https:\/\/konesta.com\/konteyner\/#primaryimage","url":"https:\/\/konesta.com\/wp-content\/uploads\/2020\/10\/konteyner1.jpg","contentUrl":"https:\/\/konesta.com\/wp-content\/uploads\/2020\/10\/konteyner1.jpg","width":1920,"height":500},{"@type":"BreadcrumbList","@id":"https:\/\/konesta.com\/konteyner\/#breadcrumb","itemListElement":[{"@type":"ListItem","position":1,"name":"Ana sayfa","item":"https:\/\/konesta.com\/"},{"@type":"ListItem","position":2,"name":"Konteyner"}]},{"@type":"WebSite","@id":"https:\/\/konesta.com\/#website","url":"https:\/\/konesta.com\/","name":"KONESTA","description":"Hafif \u00c7elik, Yap\u0131sal \u00c7elik, Prefabrik, Konteyner","publisher":{"@id":"https:\/\/konesta.com\/#organization"},"potentialAction":[{"@type":"SearchAction","target":{"@type":"EntryPoint","urlTemplate":"https:\/\/konesta.com\/?s={search_term_string}"},"query-input":"required name=search_term_string"}],"inLanguage":"en-US"},{"@type":"Organization","@id":"https:\/\/konesta.com\/#organization","name":"Konesta Yap\u0131 \u00c7\u00f6z\u00fcmleri San ve Tic A.\u015e","url":"https:\/\/konesta.com\/","logo":{"@type":"ImageObject","inLanguage":"en-US","@id":"https:\/\/konesta.com\/#\/schema\/logo\/image\/","url":"http:\/\/konesta.com\/wp-content\/uploads\/2021\/04\/konestanon.png","contentUrl":"http:\/\/konesta.com\/wp-content\/uploads\/2021\/04\/konestanon.png","width":854,"height":854,"caption":"Konesta Yap\u0131 \u00c7\u00f6z\u00fcmleri San ve Tic A.\u015e"},"image":{"@id":"https:\/\/konesta.com\/#\/schema\/logo\/image\/"}}]}},"_links":{"self":[{"href":"https:\/\/konesta.com\/en\/wp-json\/wp\/v2\/pages\/7521","targetHints":{"allow":["GET"]}}],"collection":[{"href":"https:\/\/konesta.com\/en\/wp-json\/wp\/v2\/pages"}],"about":[{"href":"https:\/\/konesta.com\/en\/wp-json\/wp\/v2\/types\/page"}],"author":[{"embeddable":true,"href":"https:\/\/konesta.com\/en\/wp-json\/wp\/v2\/users\/1"}],"replies":[{"embeddable":true,"href":"https:\/\/konesta.com\/en\/wp-json\/wp\/v2\/comments?post=7521"}],"version-history":[{"count":0,"href":"https:\/\/konesta.com\/en\/wp-json\/wp\/v2\/pages\/7521\/revisions"}],"wp:featuredmedia":[{"embeddable":true,"href":"https:\/\/konesta.com\/en\/wp-json\/wp\/v2\/media\/7868"}],"wp:attachment":[{"href":"https:\/\/konesta.com\/en\/wp-json\/wp\/v2\/media?parent=7521"}],"curies":[{"name":"wp","href":"https:\/\/api.w.org\/{rel}","templated":true}]}}