{"id":7532,"date":"2020-10-18T21:31:51","date_gmt":"2020-10-18T18:31:51","guid":{"rendered":"http:\/\/konesta.com\/?page_id=7532"},"modified":"2020-10-26T12:12:22","modified_gmt":"2020-10-26T09:12:22","slug":"fonksiyonel-binalar","status":"publish","type":"page","link":"https:\/\/konesta.com\/en\/fonksiyonel-binalar\/","title":{"rendered":"Functional Buildings"},"content":{"rendered":"<section class=\"wpb-content-wrapper\"><div class=\"vc_row wpb_row vc_row-fluid vc_custom_1556018461316 vc_row-has-padding-top vc_row-has-padding-bottom\"><div class=\"wpb_column vc_column_container vc_col-sm-12\"><div class=\"vc_column-inner\"><div class=\"wpb_wrapper\"><div class=\"feature-sections-wrapper kd-fsp-69da1f841ae9d\">\r\n            <section class=\"feature-sections-tabs\">\r\n              <nav class=\"kd-feature-tabs\">\r\n                <ul class=\"nav nav-tabs sticky-tabs container\">\r\n                <\/ul>\r\n              <\/nav>\r\n            <\/section>\r\n            <section id=\"kd-fss-69da1f841af1f\" class=\"featured-right\"><li class=\"nav-label\"><a class=\"feature-tabs-scroll\" href=\"#kd-fss-69da1f841af1f\"><i class=\"iconsmind-Information iconsmind-User-Interface fss-nav-icon\" style=\" \"><\/i> What is Functional Building?<\/a><\/li><div class=\"container\">\r\n                <div class=\"side-content-wrapper kd-animated fadeInLeft\" data-animation-delay=\"200\"><i class=\"iconsmind-Information iconsmind-User-Interface section-icon\" style=\" \"><\/i> <h2 class=\"side-content-title\" >What is Functional Building?<\/h2><h6 class=\"side-content-subtitle\" >Functional or multi-purpose buildings; It is preferred for long-lasting uses. In some cases, it is seen that functional buildings preferred for permanent use are revealed with prefabricated, container, light steel or structural steel solutions. It is clear that functional buildings preferred by public and private organizations are preferred because they offer more affordable costs and provide easier security.<\/h6><div class=\"side-content-text\" ><\/p>\n<ul>\n<li>It is especially preferred for buildings such as nurseries, kindergartens, health centers, mukhtar buildings and sales offices.<\/li>\n<\/ul>\n<p>\n<\/div><\/div><div class=\"side-featured-wrapper fss-rectangle kd-animated fadeInRight fss-shadow-image\" data-animation-delay=\"200\">\r\n      <div class=\"featured-image\"><a data-size=\"834x982\" href=\"https:\/\/konesta.com\/wp-content\/uploads\/2020\/10\/SmartSelectImage_2020-10-12-15-50-36.png\"><img loading=\"lazy\" decoding=\"async\" width=\"834\" height=\"982\" src=\"https:\/\/konesta.com\/wp-content\/uploads\/2020\/10\/SmartSelectImage_2020-10-12-15-50-36.png\" class=\"attachment-full\" alt=\"\" title=\"SmartSelectImage_2020-10-12-15-50-36\" srcset=\"https:\/\/konesta.com\/wp-content\/uploads\/2020\/10\/SmartSelectImage_2020-10-12-15-50-36.png 834w, https:\/\/konesta.com\/wp-content\/uploads\/2020\/10\/SmartSelectImage_2020-10-12-15-50-36-255x300.png 255w, https:\/\/konesta.com\/wp-content\/uploads\/2020\/10\/SmartSelectImage_2020-10-12-15-50-36-768x904.png 768w, https:\/\/konesta.com\/wp-content\/uploads\/2020\/10\/SmartSelectImage_2020-10-12-15-50-36-800x942.png 800w\" sizes=\"auto, (max-width: 834px) 100vw, 834px\" \/><\/a><\/div>\r\n    <\/div><\/div>\r\n            <\/section><section id=\"kd-fss-69da1f841b5ff\" class=\"featured-left\"><li class=\"nav-label\"><a class=\"feature-tabs-scroll\" href=\"#kd-fss-69da1f841b5ff\"><i class=\"iconsmind-Check iconsmind-Interface fss-nav-icon\" style=\" \"><\/i> Advantages<\/a><\/li><div class=\"container\">\r\n                <div class=\"side-content-wrapper kd-animated fadeInRight\" data-animation-delay=\"200\"><i class=\"iconsmind-Check iconsmind-Interface section-icon\" style=\" \"><\/i> <h2 class=\"side-content-title\" >Advantages<\/h2><h6 class=\"side-content-subtitle\" >It is also important that functional buildings, which offer cost and time advantage, have environmentally friendly features with this aspect, which takes place in a very short time. Functional buildings; They prove their success thanks to their flexible design, their suitability for earthquake safety and their aesthetically perfect options.<\/h6><div class=\"side-content-link sc-primary-btn\"><a href=\"#teklifal\" target=\"_self\" title=\"Get Offer\" class=\"tt_button tt_primary_button btn_primary_color button-action-link\">Get Offer<\/a><\/div><\/div><div class=\"side-featured-wrapper fss-rectangle kd-animated fadeInLeft fss-shadow-image\" data-animation-delay=\"200\">\r\n      <div class=\"featured-image\"><a data-size=\"713x693\" href=\"https:\/\/konesta.com\/wp-content\/uploads\/2020\/10\/SmartSelect_20201012-120648_Instagram.jpg\"><img loading=\"lazy\" decoding=\"async\" width=\"713\" height=\"693\" src=\"https:\/\/konesta.com\/wp-content\/uploads\/2020\/10\/SmartSelect_20201012-120648_Instagram.jpg\" class=\"attachment-full\" alt=\"\" title=\"SmartSelect_20201012-120648_Instagram\" srcset=\"https:\/\/konesta.com\/wp-content\/uploads\/2020\/10\/SmartSelect_20201012-120648_Instagram.jpg 713w, https:\/\/konesta.com\/wp-content\/uploads\/2020\/10\/SmartSelect_20201012-120648_Instagram-300x292.jpg 300w\" sizes=\"auto, (max-width: 713px) 100vw, 713px\" \/><\/a><\/div>\r\n    <\/div><\/div>\r\n            <\/section>\r\n            <\/div><style type=\"text\/css\"><\/style><\/div><\/div><\/div><\/div><div id=\"teklifal\" data-vc-full-width=\"true\" data-vc-full-width-init=\"false\" data-vc-kd-parallax=\"1.4\" class=\"vc_row wpb_row vc_row-fluid vc_custom_1603044897525 vc_row-has-fill vc_general kd_vc_parallax kd_vc_parallax-content-moving\"><div class=\"parallax-overlay\" data-vc-kd-parallax=\"1.4\"><\/div><div class=\"kd-overlay\"  style=\"background-color:rgba(0,0,0,0.7);\"><\/div><div class=\"wpb_column vc_column_container vc_col-sm-12\"><div class=\"vc_column-inner vc_custom_1516095225433\"><div class=\"wpb_wrapper\"><div class=\"vc_row wpb_row vc_inner vc_row-fluid vc_custom_1555673013129 vc_row-has-padding-top vc_row-has-padding-bottom\"><div class=\"wpb_column vc_column_container vc_col-sm-1\"><div class=\"vc_column-inner vc_custom_1515166784808\"><div class=\"wpb_wrapper\"><\/div><\/div><\/div><div class=\"wpb_column vc_column_container vc_col-sm-4\"><div class=\"vc_column-inner\"><div class=\"wpb_wrapper\"><header class=\"kd-section-title col-lg-12 text-left  kd-animated fadeIn   vc_custom_1603044746078\" data-animation-delay=\"200\"><h2 class=\"separator_off\" style=\"color: #ffffff;\">Konesta Yap\u0131 provides maximum benefit with minimum cost.<\/h2><h6 class=\"subtitle\" style=\"color: #eeeeee;\">By filling out the contact form, you can take the first step to maximize your experience with the service you need!<\/h6><\/header><\/div><\/div><\/div><div class=\"wpb_column vc_column_container vc_col-sm-1\"><div class=\"vc_column-inner\"><div class=\"wpb_wrapper\"><\/div><\/div><\/div><div class=\"wpb_column vc_column_container vc_col-sm-5\"><div class=\"vc_column-inner\"><div class=\"wpb_wrapper\"><h4 style=\"color: #ffffff;text-align: left\" class=\"vc_custom_heading wpb_animate_when_almost_visible wpb_fadeIn fadeIn vc_custom_1603044762812\" >We will contact with you as soon as possible.<\/h4><div class=\"kd-contact-form full-width-cf white-input-bg\" >\n<div class=\"wpcf7 no-js\" id=\"wpcf7-f4439-o1\" lang=\"en-US\" dir=\"ltr\">\n<div class=\"screen-reader-response\"><p role=\"status\" aria-live=\"polite\" aria-atomic=\"true\"><\/p> <ul><\/ul><\/div>\n<form action=\"\/en\/wp-json\/wp\/v2\/pages\/7532#wpcf7-f4439-o1\" method=\"post\" class=\"wpcf7-form init\" aria-label=\"Contact form\" novalidate=\"novalidate\" data-status=\"init\" data-trp-original-action=\"\/en\/wp-json\/wp\/v2\/pages\/7532#wpcf7-f4439-o1\">\n<div style=\"display: none;\">\n<input type=\"hidden\" name=\"_wpcf7\" value=\"4439\" \/>\n<input type=\"hidden\" name=\"_wpcf7_version\" value=\"5.9.4\" \/>\n<input type=\"hidden\" name=\"_wpcf7_locale\" value=\"en_US\" \/>\n<input type=\"hidden\" name=\"_wpcf7_unit_tag\" value=\"wpcf7-f4439-o1\" \/>\n<input type=\"hidden\" name=\"_wpcf7_container_post\" value=\"0\" \/>\n<input type=\"hidden\" name=\"_wpcf7_posted_data_hash\" value=\"\" \/>\n<input type=\"hidden\" name=\"_wpcf7_recaptcha_response\" value=\"\" \/>\n<\/div>\n<p><span class=\"wpcf7-form-control-wrap\" data-name=\"your-name\"><input size=\"40\" class=\"wpcf7-form-control wpcf7-text wpcf7-validates-as-required\" aria-required=\"true\" aria-invalid=\"false\" placeholder=\"Your name\" value=\"\" type=\"text\" name=\"your-name\" \/><\/span><br \/>\n<span class=\"wpcf7-form-control-wrap\" data-name=\"your-phone\"><input size=\"40\" class=\"wpcf7-form-control wpcf7-tel wpcf7-validates-as-required wpcf7-text wpcf7-validates-as-tel\" aria-required=\"true\" aria-invalid=\"false\" placeholder=\"Telephone\" value=\"\" type=\"tel\" name=\"your-phone\" \/><\/span><br \/>\n<span class=\"wpcf7-form-control-wrap\" data-name=\"your-email\"><input size=\"40\" class=\"wpcf7-form-control wpcf7-email wpcf7-validates-as-required wpcf7-text wpcf7-validates-as-email\" aria-required=\"true\" aria-invalid=\"false\" placeholder=\"Email\" value=\"\" type=\"email\" name=\"your-email\" \/><\/span>\n<\/p>\n<p class=\"yapicozumu\">Demanded Building Solution\n<\/p>\n<p><span class=\"wpcf7-form-control-wrap\" data-name=\"teklifal\"><select class=\"wpcf7-form-control wpcf7-select wpcf7-validates-as-required\" aria-required=\"true\" aria-invalid=\"false\" name=\"teklifal\"><option value=\"\">&#8212;Please choose an option&#8212;<\/option><option value=\"Hafif \u00c7elik\">Light Steel<\/option><option value=\"Yap\u0131sal \u00c7elik\">Structural Steel<\/option><option value=\"Konteyner\">Container<\/option><option value=\"\u015eantiye &amp; Kamp Binas\u0131\">Site &amp; Camp Building<\/option><option value=\"Fonksiyonel Binalar\">Functional Buildings<\/option><option value=\"Prefabrik\">Prefabricated<\/option><option value=\"\u00d6n \u00dcretimli Konut\">Pre-Engineered Housing<\/option><option value=\"Kabinler\">Cabins<\/option><\/select><\/span>\n<\/p>\n<p><input class=\"wpcf7-form-control wpcf7-submit has-spinner\" type=\"submit\" value=\"Send\" \/>\n<\/p><div class=\"wpcf7-response-output\" aria-hidden=\"true\"><\/div>\n<input type=\"hidden\" name=\"trp-form-language\" value=\"en\"\/><\/form>\n<\/div>\n<\/div><\/div><\/div><\/div><div class=\"wpb_column vc_column_container vc_col-sm-1\"><div class=\"vc_column-inner\"><div class=\"wpb_wrapper\"><\/div><\/div><\/div><\/div><\/div><\/div><\/div><\/div><div class=\"vc_row-full-width vc_clearfix\"><\/div>\n<\/section>","protected":false},"excerpt":{"rendered":"What is Functional Building? What is a Functional Building? Functional or multi-purpose buildings; It is preferred for long-lasting uses. Some [...]","protected":false},"author":1,"featured_media":7883,"parent":0,"menu_order":0,"comment_status":"closed","ping_status":"closed","template":"","meta":{"_joinchat":[],"footnotes":""},"class_list":["post-7532","page","type-page","status-publish","has-post-thumbnail","hentry"],"yoast_head":"<!-- This site is optimized with the Yoast SEO plugin v22.7 - https:\/\/yoast.com\/wordpress\/plugins\/seo\/ -->\n<title>Fonksiyonel Binalar | KONESTA<\/title>\n<meta name=\"robots\" content=\"index, follow, max-snippet:-1, max-image-preview:large, max-video-preview:-1\" \/>\n<link rel=\"canonical\" href=\"https:\/\/konesta.com\/en\/fonksiyonel-binalar\/\" \/>\n<meta property=\"og:locale\" content=\"en_US\" \/>\n<meta property=\"og:type\" content=\"article\" \/>\n<meta property=\"og:title\" content=\"Fonksiyonel Binalar | KONESTA\" \/>\n<meta property=\"og:url\" content=\"https:\/\/konesta.com\/en\/fonksiyonel-binalar\/\" \/>\n<meta property=\"og:site_name\" content=\"KONESTA\" \/>\n<meta property=\"article:modified_time\" content=\"2020-10-26T09:12:22+00:00\" \/>\n<meta property=\"og:image\" content=\"https:\/\/konesta.com\/wp-content\/uploads\/2020\/10\/pendik-bel.-anaokullari-projesi-1170x65811-1.jpg\" \/>\n\t<meta property=\"og:image:width\" content=\"1920\" \/>\n\t<meta property=\"og:image:height\" content=\"500\" \/>\n\t<meta property=\"og:image:type\" content=\"image\/jpeg\" \/>\n<meta name=\"twitter:card\" content=\"summary_large_image\" \/>\n<meta name=\"twitter:label1\" content=\"Est. reading time\" \/>\n\t<meta name=\"twitter:data1\" content=\"4 minutes\" \/>\n<script type=\"application\/ld+json\" class=\"yoast-schema-graph\">{\"@context\":\"https:\/\/schema.org\",\"@graph\":[{\"@type\":\"WebPage\",\"@id\":\"https:\/\/konesta.com\/fonksiyonel-binalar\/\",\"url\":\"https:\/\/konesta.com\/fonksiyonel-binalar\/\",\"name\":\"Fonksiyonel Binalar | KONESTA\",\"isPartOf\":{\"@id\":\"https:\/\/konesta.com\/#website\"},\"primaryImageOfPage\":{\"@id\":\"https:\/\/konesta.com\/fonksiyonel-binalar\/#primaryimage\"},\"image\":{\"@id\":\"https:\/\/konesta.com\/fonksiyonel-binalar\/#primaryimage\"},\"thumbnailUrl\":\"https:\/\/konesta.com\/wp-content\/uploads\/2020\/10\/pendik-bel.-anaokullari-projesi-1170x65811-1.jpg\",\"datePublished\":\"2020-10-18T18:31:51+00:00\",\"dateModified\":\"2020-10-26T09:12:22+00:00\",\"breadcrumb\":{\"@id\":\"https:\/\/konesta.com\/fonksiyonel-binalar\/#breadcrumb\"},\"inLanguage\":\"en-US\",\"potentialAction\":[{\"@type\":\"ReadAction\",\"target\":[\"https:\/\/konesta.com\/fonksiyonel-binalar\/\"]}]},{\"@type\":\"ImageObject\",\"inLanguage\":\"en-US\",\"@id\":\"https:\/\/konesta.com\/fonksiyonel-binalar\/#primaryimage\",\"url\":\"https:\/\/konesta.com\/wp-content\/uploads\/2020\/10\/pendik-bel.-anaokullari-projesi-1170x65811-1.jpg\",\"contentUrl\":\"https:\/\/konesta.com\/wp-content\/uploads\/2020\/10\/pendik-bel.-anaokullari-projesi-1170x65811-1.jpg\",\"width\":1920,\"height\":500},{\"@type\":\"BreadcrumbList\",\"@id\":\"https:\/\/konesta.com\/fonksiyonel-binalar\/#breadcrumb\",\"itemListElement\":[{\"@type\":\"ListItem\",\"position\":1,\"name\":\"Ana sayfa\",\"item\":\"https:\/\/konesta.com\/\"},{\"@type\":\"ListItem\",\"position\":2,\"name\":\"Fonksiyonel Binalar\"}]},{\"@type\":\"WebSite\",\"@id\":\"https:\/\/konesta.com\/#website\",\"url\":\"https:\/\/konesta.com\/\",\"name\":\"KONESTA\",\"description\":\"Hafif \u00c7elik, Yap\u0131sal \u00c7elik, Prefabrik, Konteyner\",\"publisher\":{\"@id\":\"https:\/\/konesta.com\/#organization\"},\"potentialAction\":[{\"@type\":\"SearchAction\",\"target\":{\"@type\":\"EntryPoint\",\"urlTemplate\":\"https:\/\/konesta.com\/?s={search_term_string}\"},\"query-input\":\"required name=search_term_string\"}],\"inLanguage\":\"en-US\"},{\"@type\":\"Organization\",\"@id\":\"https:\/\/konesta.com\/#organization\",\"name\":\"Konesta Yap\u0131 \u00c7\u00f6z\u00fcmleri San ve Tic A.\u015e\",\"url\":\"https:\/\/konesta.com\/\",\"logo\":{\"@type\":\"ImageObject\",\"inLanguage\":\"en-US\",\"@id\":\"https:\/\/konesta.com\/#\/schema\/logo\/image\/\",\"url\":\"http:\/\/konesta.com\/wp-content\/uploads\/2021\/04\/konestanon.png\",\"contentUrl\":\"http:\/\/konesta.com\/wp-content\/uploads\/2021\/04\/konestanon.png\",\"width\":854,\"height\":854,\"caption\":\"Konesta Yap\u0131 \u00c7\u00f6z\u00fcmleri San ve Tic A.\u015e\"},\"image\":{\"@id\":\"https:\/\/konesta.com\/#\/schema\/logo\/image\/\"}}]}<\/script>\n<!-- \/ Yoast SEO plugin. -->","yoast_head_json":{"title":"Fonksiyonel Binalar | KONESTA","robots":{"index":"index","follow":"follow","max-snippet":"max-snippet:-1","max-image-preview":"max-image-preview:large","max-video-preview":"max-video-preview:-1"},"canonical":"https:\/\/konesta.com\/en\/fonksiyonel-binalar\/","og_locale":"en_US","og_type":"article","og_title":"Fonksiyonel Binalar | KONESTA","og_url":"https:\/\/konesta.com\/en\/fonksiyonel-binalar\/","og_site_name":"KONESTA","article_modified_time":"2020-10-26T09:12:22+00:00","og_image":[{"width":1920,"height":500,"url":"https:\/\/konesta.com\/wp-content\/uploads\/2020\/10\/pendik-bel.-anaokullari-projesi-1170x65811-1.jpg","type":"image\/jpeg"}],"twitter_card":"summary_large_image","twitter_misc":{"Est. reading time":"4 minutes"},"schema":{"@context":"https:\/\/schema.org","@graph":[{"@type":"WebPage","@id":"https:\/\/konesta.com\/fonksiyonel-binalar\/","url":"https:\/\/konesta.com\/fonksiyonel-binalar\/","name":"Fonksiyonel Binalar | KONESTA","isPartOf":{"@id":"https:\/\/konesta.com\/#website"},"primaryImageOfPage":{"@id":"https:\/\/konesta.com\/fonksiyonel-binalar\/#primaryimage"},"image":{"@id":"https:\/\/konesta.com\/fonksiyonel-binalar\/#primaryimage"},"thumbnailUrl":"https:\/\/konesta.com\/wp-content\/uploads\/2020\/10\/pendik-bel.-anaokullari-projesi-1170x65811-1.jpg","datePublished":"2020-10-18T18:31:51+00:00","dateModified":"2020-10-26T09:12:22+00:00","breadcrumb":{"@id":"https:\/\/konesta.com\/fonksiyonel-binalar\/#breadcrumb"},"inLanguage":"en-US","potentialAction":[{"@type":"ReadAction","target":["https:\/\/konesta.com\/fonksiyonel-binalar\/"]}]},{"@type":"ImageObject","inLanguage":"en-US","@id":"https:\/\/konesta.com\/fonksiyonel-binalar\/#primaryimage","url":"https:\/\/konesta.com\/wp-content\/uploads\/2020\/10\/pendik-bel.-anaokullari-projesi-1170x65811-1.jpg","contentUrl":"https:\/\/konesta.com\/wp-content\/uploads\/2020\/10\/pendik-bel.-anaokullari-projesi-1170x65811-1.jpg","width":1920,"height":500},{"@type":"BreadcrumbList","@id":"https:\/\/konesta.com\/fonksiyonel-binalar\/#breadcrumb","itemListElement":[{"@type":"ListItem","position":1,"name":"Ana sayfa","item":"https:\/\/konesta.com\/"},{"@type":"ListItem","position":2,"name":"Fonksiyonel Binalar"}]},{"@type":"WebSite","@id":"https:\/\/konesta.com\/#website","url":"https:\/\/konesta.com\/","name":"KONESTA","description":"Hafif \u00c7elik, Yap\u0131sal \u00c7elik, Prefabrik, Konteyner","publisher":{"@id":"https:\/\/konesta.com\/#organization"},"potentialAction":[{"@type":"SearchAction","target":{"@type":"EntryPoint","urlTemplate":"https:\/\/konesta.com\/?s={search_term_string}"},"query-input":"required name=search_term_string"}],"inLanguage":"en-US"},{"@type":"Organization","@id":"https:\/\/konesta.com\/#organization","name":"Konesta Yap\u0131 \u00c7\u00f6z\u00fcmleri San ve Tic A.\u015e","url":"https:\/\/konesta.com\/","logo":{"@type":"ImageObject","inLanguage":"en-US","@id":"https:\/\/konesta.com\/#\/schema\/logo\/image\/","url":"http:\/\/konesta.com\/wp-content\/uploads\/2021\/04\/konestanon.png","contentUrl":"http:\/\/konesta.com\/wp-content\/uploads\/2021\/04\/konestanon.png","width":854,"height":854,"caption":"Konesta Yap\u0131 \u00c7\u00f6z\u00fcmleri San ve Tic A.\u015e"},"image":{"@id":"https:\/\/konesta.com\/#\/schema\/logo\/image\/"}}]}},"_links":{"self":[{"href":"https:\/\/konesta.com\/en\/wp-json\/wp\/v2\/pages\/7532","targetHints":{"allow":["GET"]}}],"collection":[{"href":"https:\/\/konesta.com\/en\/wp-json\/wp\/v2\/pages"}],"about":[{"href":"https:\/\/konesta.com\/en\/wp-json\/wp\/v2\/types\/page"}],"author":[{"embeddable":true,"href":"https:\/\/konesta.com\/en\/wp-json\/wp\/v2\/users\/1"}],"replies":[{"embeddable":true,"href":"https:\/\/konesta.com\/en\/wp-json\/wp\/v2\/comments?post=7532"}],"version-history":[{"count":0,"href":"https:\/\/konesta.com\/en\/wp-json\/wp\/v2\/pages\/7532\/revisions"}],"wp:featuredmedia":[{"embeddable":true,"href":"https:\/\/konesta.com\/en\/wp-json\/wp\/v2\/media\/7883"}],"wp:attachment":[{"href":"https:\/\/konesta.com\/en\/wp-json\/wp\/v2\/media?parent=7532"}],"curies":[{"name":"wp","href":"https:\/\/api.w.org\/{rel}","templated":true}]}}