{"id":7761,"date":"2020-10-23T14:55:10","date_gmt":"2020-10-23T11:55:10","guid":{"rendered":"http:\/\/konesta.com\/?page_id=7761"},"modified":"2020-10-23T14:55:10","modified_gmt":"2020-10-23T11:55:10","slug":"is-birligi-sureci","status":"publish","type":"page","link":"https:\/\/konesta.com\/en\/is-birligi-sureci\/","title":{"rendered":"Cooperation Process"},"content":{"rendered":"<section class=\"wpb-content-wrapper\"><div data-vc-full-width=\"true\" data-vc-full-width-init=\"false\" class=\"vc_row wpb_row vc_row-fluid vc_custom_1540817610015 vc_row-has-padding-top vc_row-has-padding-bottom\"><div class=\"wpb_column vc_column_container vc_col-sm-12\"><div class=\"vc_column-inner vc_custom_1515753185470\"><div class=\"wpb_wrapper\"><div class=\"vc_row wpb_row vc_inner vc_row-fluid\"><div class=\"wpb_column vc_column_container vc_col-sm-12\"><div class=\"vc_column-inner\"><div class=\"wpb_wrapper\"><header class=\"kd-section-title vc_col-lg-6 vc_col-sm-8 text-center  kd-animated fadeIn   vc_custom_1602858692465\" data-animation-delay=\"200\"><h2 class=\"separator_off\" >Collaboration Processes<\/h2><h6 class=\"subtitle\" >Get to know the people behind Intact. Our creative and technical team.<\/h6><\/header><\/div><\/div><\/div><\/div>\r\n            <div class=\"kd-process-steps process_three_elem process-checkbox-template\">\r\n                <ul>\r\n                <li class=\"pss-item\" >\r\n                    <div class=\"pss-container\" ><div class=\"pss-step-number\"><span >1<\/span><\/div><div class=\"pss-text-area\">\r\n                            <h5 >Offer Stage<\/h5>\r\n                            <p >After the demands of our customers \/ business partners are analyzed well, a proposal work is carried out in maximum 48 hours and forwarded to the relevant person. After the proposal is sent, it is aimed to create an agreement basis as a result of the consultation negotiations with the customer \/ business partner. After the mutual evaluation of the proposal, an agreement ground is found and a contract suitable for its purpose is prepared.<\/p><\/div>\r\n                    <\/div>\r\n                <\/li>\r\n                <li class=\"pss-item\" >\r\n                    <div class=\"pss-container\" ><div class=\"pss-step-number\"><span >2<\/span><\/div><div class=\"pss-text-area\">\r\n                            <h5 >Project Phase<\/h5>\r\n                            <p >As a result of the proposal and agreement, before starting a new project, the professionals of our company start the process of preparing the projects suitable for the purpose in the light of technical examinations. Within the scope of projects that are in constant communication with the customer, options that will highlight satisfaction and make a name for themselves with their functionality are offered.<\/p><\/div>\r\n                    <\/div>\r\n                <\/li>\r\n                <li class=\"pss-item\" >\r\n                    <div class=\"pss-container\" ><div class=\"pss-step-number\"><span >3<\/span><\/div><div class=\"pss-text-area\">\r\n                            <h5 >Production Phase<\/h5>\r\n                            <p >Within the scope of the project, special production is carried out for customer needs and preliminary preparations are made for the implementation phase. Innovative and environmentally friendly production processes are followed thanks to technically flawless processes that require engineering knowledge. It is accepted as the basic principle that the products put forward in the production phase serve the purpose.<\/p><\/div>\r\n                    <\/div>\r\n                <\/li><\/ul>\r\n            <\/div><div class=\"vc_empty_space\"   style=\"height: 32px\"><span class=\"vc_empty_space_inner\"><\/span><\/div>\r\n            <div class=\"kd-process-steps process_three_elem process-checkbox-template\">\r\n                <ul>\r\n                <li class=\"pss-item\" >\r\n                    <div class=\"pss-container\" ><div class=\"pss-step-number\"><span >4<\/span><\/div><div class=\"pss-text-area\">\r\n                            <h5 >Logistics Processes<\/h5>\r\n                            <p >Products prepared in accordance with customer demands are transported safely through logistics processes before the application phase. Since special equipment is required for the loading and unloading of the products, we undertake the whole process and eliminate possible negativities. Moreover, we resort to the fastest and most budget-friendly solutions in order not to waste time during the transportation phase.<\/p><\/div>\r\n                    <\/div>\r\n                <\/li>\r\n                <li class=\"pss-item\" >\r\n                    <div class=\"pss-container\" ><div class=\"pss-step-number\"><span >5<\/span><\/div><div class=\"pss-text-area\">\r\n                            <h5 >Implementation Phase<\/h5>\r\n                            <p >Our company proves that it offers customer-oriented solutions at every stage by sensitively assembling the products for which the production and logistics processes are completed. We reveal the most successful options in the assembly services we perform with our professionally experienced and competent personnel, regardless of place and time. Moreover, the environmental friendliness of our products that make a difference with their mounting features is the most important aspect.<\/p><\/div>\r\n                    <\/div>\r\n                <\/li>\r\n                <li class=\"pss-item\" >\r\n                    <div class=\"pss-container\" ><div class=\"pss-step-number\"><span >6<\/span><\/div><div class=\"pss-text-area\">\r\n                            <h5 >Technical service<\/h5>\r\n                            <p >With the strength of being a company that cares about its customers in after-sales processes, our brand is also one of the most serious stakeholders in the sector in terms of after-sales support. By standing behind the products produced, our company proves the importance given to customers with change and free service solutions when necessary.<\/p><\/div>\r\n                    <\/div>\r\n                <\/li><\/ul>\r\n            <\/div><\/div><\/div><\/div><\/div><div class=\"vc_row-full-width vc_clearfix\"><\/div>\n<\/section>","protected":false},"excerpt":{"rendered":"Collaboration Processes Get to know the people behind Intact. Our creative and technical team. 1 Proposal Phase Our customers \/ business partners [...]","protected":false},"author":1,"featured_media":0,"parent":0,"menu_order":0,"comment_status":"closed","ping_status":"closed","template":"","meta":{"_joinchat":[],"footnotes":""},"class_list":["post-7761","page","type-page","status-publish","hentry"],"yoast_head":"<!-- This site is optimized with the Yoast SEO plugin v22.7 - https:\/\/yoast.com\/wordpress\/plugins\/seo\/ -->\n<title>\u0130\u015f Birli\u011fi S\u00fcreci | KONESTA<\/title>\n<meta name=\"robots\" content=\"index, follow, max-snippet:-1, max-image-preview:large, max-video-preview:-1\" \/>\n<link rel=\"canonical\" href=\"https:\/\/konesta.com\/en\/is-birligi-sureci\/\" \/>\n<meta property=\"og:locale\" content=\"en_US\" \/>\n<meta property=\"og:type\" content=\"article\" \/>\n<meta property=\"og:title\" content=\"\u0130\u015f Birli\u011fi S\u00fcreci | KONESTA\" \/>\n<meta property=\"og:url\" content=\"https:\/\/konesta.com\/en\/is-birligi-sureci\/\" \/>\n<meta property=\"og:site_name\" content=\"KONESTA\" \/>\n<meta name=\"twitter:card\" content=\"summary_large_image\" \/>\n<meta name=\"twitter:label1\" content=\"Est. reading time\" \/>\n\t<meta name=\"twitter:data1\" content=\"4 minutes\" \/>\n<script type=\"application\/ld+json\" class=\"yoast-schema-graph\">{\"@context\":\"https:\/\/schema.org\",\"@graph\":[{\"@type\":\"WebPage\",\"@id\":\"https:\/\/konesta.com\/is-birligi-sureci\/\",\"url\":\"https:\/\/konesta.com\/is-birligi-sureci\/\",\"name\":\"\u0130\u015f Birli\u011fi S\u00fcreci | KONESTA\",\"isPartOf\":{\"@id\":\"https:\/\/konesta.com\/#website\"},\"datePublished\":\"2020-10-23T11:55:10+00:00\",\"dateModified\":\"2020-10-23T11:55:10+00:00\",\"breadcrumb\":{\"@id\":\"https:\/\/konesta.com\/is-birligi-sureci\/#breadcrumb\"},\"inLanguage\":\"en-US\",\"potentialAction\":[{\"@type\":\"ReadAction\",\"target\":[\"https:\/\/konesta.com\/is-birligi-sureci\/\"]}]},{\"@type\":\"BreadcrumbList\",\"@id\":\"https:\/\/konesta.com\/is-birligi-sureci\/#breadcrumb\",\"itemListElement\":[{\"@type\":\"ListItem\",\"position\":1,\"name\":\"Ana sayfa\",\"item\":\"https:\/\/konesta.com\/\"},{\"@type\":\"ListItem\",\"position\":2,\"name\":\"\u0130\u015f Birli\u011fi S\u00fcreci\"}]},{\"@type\":\"WebSite\",\"@id\":\"https:\/\/konesta.com\/#website\",\"url\":\"https:\/\/konesta.com\/\",\"name\":\"KONESTA\",\"description\":\"Hafif \u00c7elik, Yap\u0131sal \u00c7elik, Prefabrik, Konteyner\",\"publisher\":{\"@id\":\"https:\/\/konesta.com\/#organization\"},\"potentialAction\":[{\"@type\":\"SearchAction\",\"target\":{\"@type\":\"EntryPoint\",\"urlTemplate\":\"https:\/\/konesta.com\/?s={search_term_string}\"},\"query-input\":\"required name=search_term_string\"}],\"inLanguage\":\"en-US\"},{\"@type\":\"Organization\",\"@id\":\"https:\/\/konesta.com\/#organization\",\"name\":\"Konesta Yap\u0131 \u00c7\u00f6z\u00fcmleri San ve Tic A.\u015e\",\"url\":\"https:\/\/konesta.com\/\",\"logo\":{\"@type\":\"ImageObject\",\"inLanguage\":\"en-US\",\"@id\":\"https:\/\/konesta.com\/#\/schema\/logo\/image\/\",\"url\":\"http:\/\/konesta.com\/wp-content\/uploads\/2021\/04\/konestanon.png\",\"contentUrl\":\"http:\/\/konesta.com\/wp-content\/uploads\/2021\/04\/konestanon.png\",\"width\":854,\"height\":854,\"caption\":\"Konesta Yap\u0131 \u00c7\u00f6z\u00fcmleri San ve Tic A.\u015e\"},\"image\":{\"@id\":\"https:\/\/konesta.com\/#\/schema\/logo\/image\/\"}}]}<\/script>\n<!-- \/ Yoast SEO plugin. -->","yoast_head_json":{"title":"\u0130\u015f Birli\u011fi S\u00fcreci | KONESTA","robots":{"index":"index","follow":"follow","max-snippet":"max-snippet:-1","max-image-preview":"max-image-preview:large","max-video-preview":"max-video-preview:-1"},"canonical":"https:\/\/konesta.com\/en\/is-birligi-sureci\/","og_locale":"en_US","og_type":"article","og_title":"\u0130\u015f Birli\u011fi S\u00fcreci | KONESTA","og_url":"https:\/\/konesta.com\/en\/is-birligi-sureci\/","og_site_name":"KONESTA","twitter_card":"summary_large_image","twitter_misc":{"Est. reading time":"4 minutes"},"schema":{"@context":"https:\/\/schema.org","@graph":[{"@type":"WebPage","@id":"https:\/\/konesta.com\/is-birligi-sureci\/","url":"https:\/\/konesta.com\/is-birligi-sureci\/","name":"\u0130\u015f Birli\u011fi S\u00fcreci | KONESTA","isPartOf":{"@id":"https:\/\/konesta.com\/#website"},"datePublished":"2020-10-23T11:55:10+00:00","dateModified":"2020-10-23T11:55:10+00:00","breadcrumb":{"@id":"https:\/\/konesta.com\/is-birligi-sureci\/#breadcrumb"},"inLanguage":"en-US","potentialAction":[{"@type":"ReadAction","target":["https:\/\/konesta.com\/is-birligi-sureci\/"]}]},{"@type":"BreadcrumbList","@id":"https:\/\/konesta.com\/is-birligi-sureci\/#breadcrumb","itemListElement":[{"@type":"ListItem","position":1,"name":"Ana sayfa","item":"https:\/\/konesta.com\/"},{"@type":"ListItem","position":2,"name":"\u0130\u015f Birli\u011fi S\u00fcreci"}]},{"@type":"WebSite","@id":"https:\/\/konesta.com\/#website","url":"https:\/\/konesta.com\/","name":"KONESTA","description":"Hafif \u00c7elik, Yap\u0131sal \u00c7elik, Prefabrik, Konteyner","publisher":{"@id":"https:\/\/konesta.com\/#organization"},"potentialAction":[{"@type":"SearchAction","target":{"@type":"EntryPoint","urlTemplate":"https:\/\/konesta.com\/?s={search_term_string}"},"query-input":"required name=search_term_string"}],"inLanguage":"en-US"},{"@type":"Organization","@id":"https:\/\/konesta.com\/#organization","name":"Konesta Yap\u0131 \u00c7\u00f6z\u00fcmleri San ve Tic A.\u015e","url":"https:\/\/konesta.com\/","logo":{"@type":"ImageObject","inLanguage":"en-US","@id":"https:\/\/konesta.com\/#\/schema\/logo\/image\/","url":"http:\/\/konesta.com\/wp-content\/uploads\/2021\/04\/konestanon.png","contentUrl":"http:\/\/konesta.com\/wp-content\/uploads\/2021\/04\/konestanon.png","width":854,"height":854,"caption":"Konesta Yap\u0131 \u00c7\u00f6z\u00fcmleri San ve Tic A.\u015e"},"image":{"@id":"https:\/\/konesta.com\/#\/schema\/logo\/image\/"}}]}},"_links":{"self":[{"href":"https:\/\/konesta.com\/en\/wp-json\/wp\/v2\/pages\/7761","targetHints":{"allow":["GET"]}}],"collection":[{"href":"https:\/\/konesta.com\/en\/wp-json\/wp\/v2\/pages"}],"about":[{"href":"https:\/\/konesta.com\/en\/wp-json\/wp\/v2\/types\/page"}],"author":[{"embeddable":true,"href":"https:\/\/konesta.com\/en\/wp-json\/wp\/v2\/users\/1"}],"replies":[{"embeddable":true,"href":"https:\/\/konesta.com\/en\/wp-json\/wp\/v2\/comments?post=7761"}],"version-history":[{"count":0,"href":"https:\/\/konesta.com\/en\/wp-json\/wp\/v2\/pages\/7761\/revisions"}],"wp:attachment":[{"href":"https:\/\/konesta.com\/en\/wp-json\/wp\/v2\/media?parent=7761"}],"curies":[{"name":"wp","href":"https:\/\/api.w.org\/{rel}","templated":true}]}}