{"id":7827,"date":"2020-10-26T10:26:30","date_gmt":"2020-10-26T07:26:30","guid":{"rendered":"http:\/\/konesta.com\/?page_id=7827"},"modified":"2020-10-27T13:23:12","modified_gmt":"2020-10-27T10:23:12","slug":"hizmetlerimiz","status":"publish","type":"page","link":"https:\/\/konesta.com\/en\/hizmetlerimiz\/","title":{"rendered":"Our Services"},"content":{"rendered":"<section class=\"wpb-content-wrapper\"><div data-vc-full-width=\"true\" data-vc-full-width-init=\"false\" class=\"vc_row wpb_row vc_row-fluid vc_custom_1603697245582 vc_row-has-padding-top vc_row-has-padding-bottom\"><div class=\"wpb_column vc_column_container vc_col-sm-12\"><div class=\"vc_column-inner vc_custom_1516009024901\"><div class=\"wpb_wrapper\"><div class=\"vc_row wpb_row vc_inner vc_row-fluid vc_custom_1603794069068 vc_row-has-padding-top\"><div class=\"wpb_column vc_column_container vc_col-sm-3\"><div class=\"vc_column-inner vc_custom_1516009093233\"><div class=\"wpb_wrapper\"><div class=\"key-icon-box icon-default icon-top cont-center ib-hover-1  kd-animated fadeInUp\" style=\"background-color: transparent;\" ><div class=\"ib-wrapper\"><i class=\"iconsmind-Building iconsmind-Buildings-Landmarks\" style=\" \"><\/i> <h6 class=\"service-heading\" >Construction Site and Camp Buildings<\/h6><\/div><\/div><\/div><\/div><\/div><div class=\"wpb_column vc_column_container vc_col-sm-3\"><div class=\"vc_column-inner vc_custom_1516009109505\"><div class=\"wpb_wrapper\"><div class=\"key-icon-box icon-default icon-top cont-center ib-hover-1  kd-animated fadeInUp\" style=\"background-color: transparent;\" data-animation-delay=\"200\"><div class=\"ib-wrapper\"><i class=\"iconsmind-Home iconsmind-Shopping-E-commerce\" style=\" \"><\/i> <h6 class=\"service-heading\" >Villa Sites<\/h6><\/div><\/div><\/div><\/div><\/div><div class=\"wpb_column vc_column_container vc_col-sm-3\"><div class=\"vc_column-inner vc_custom_1516009124658\"><div class=\"wpb_wrapper\"><div class=\"key-icon-box icon-default icon-top cont-center ib-hover-1  kd-animated fadeInUp\" style=\"background-color: transparent;\" data-animation-delay=\"400\"><div class=\"ib-wrapper\"><i class=\"iconsmind-Christmas-Tree iconsmind-Christmas-Class\" style=\" \"><\/i> <h6 class=\"service-heading\" >Hobby Gardens<\/h6><\/div><\/div><\/div><\/div><\/div><div class=\"wpb_column vc_column_container vc_col-sm-3\"><div class=\"vc_column-inner\"><div class=\"wpb_wrapper\"><div class=\"key-icon-box icon-default icon-top cont-center ib-hover-1  kd-animated fadeInUp\" style=\"background-color: transparent;\" data-animation-delay=\"600\"><div class=\"ib-wrapper\"><i class=\"iconsmind-Management iconsmind-Seo-Icons\" style=\" \"><\/i> <h6 class=\"service-heading\" >Real Estate Investment Consultancy<\/h6><\/div><\/div><\/div><\/div><\/div><\/div><div class=\"vc_row wpb_row vc_inner vc_row-fluid vc_custom_1603794073402 vc_row-has-padding-bottom\"><div class=\"wpb_column vc_column_container vc_col-sm-3\"><div class=\"vc_column-inner vc_custom_1516009093233\"><div class=\"wpb_wrapper\"><div class=\"key-icon-box icon-default icon-top cont-center ib-hover-1  kd-animated fadeInUp\" style=\"background-color: transparent;\" ><div class=\"ib-wrapper\"><i class=\"iconsmind-Wrench iconsmind-User-Interface\" style=\" \"><\/i> <h6 class=\"service-heading\" >Assembly Disassembly and Second Hand Service<\/h6><\/div><\/div><\/div><\/div><\/div><div class=\"wpb_column vc_column_container vc_col-sm-3\"><div class=\"vc_column-inner vc_custom_1516009109505\"><div class=\"wpb_wrapper\"><div class=\"key-icon-box icon-default icon-top cont-center ib-hover-1  kd-animated fadeInUp\" style=\"background-color: transparent;\" data-animation-delay=\"200\"><div class=\"ib-wrapper\"><i class=\"iconsmind-Check iconsmind-Interface\" style=\" \"><\/i> <h6 class=\"service-heading\" >Static Report and Project<\/h6><\/div><\/div><\/div><\/div><\/div><div class=\"wpb_column vc_column_container vc_col-sm-3\"><div class=\"vc_column-inner vc_custom_1516009124658\"><div class=\"wpb_wrapper\"><div class=\"key-icon-box icon-default icon-top cont-center ib-hover-1  kd-animated fadeInUp\" style=\"background-color: transparent;\" data-animation-delay=\"400\"><div class=\"ib-wrapper\"><i class=\"iconsmind-Letter-Open iconsmind-Emails\" style=\" \"><\/i> <h6 class=\"service-heading\" >License Transactions<\/h6><\/div><\/div><\/div><\/div><\/div><div class=\"wpb_column vc_column_container vc_col-sm-3\"><div class=\"vc_column-inner\"><div class=\"wpb_wrapper\"><div class=\"key-icon-box icon-default icon-top cont-center ib-hover-1  kd-animated fadeInUp\" style=\"background-color: transparent;\" data-animation-delay=\"600\"><div class=\"ib-wrapper\"><i class=\"iconsmind-Wacom-Tablet iconsmind-Desktop-apps\" style=\" \"><\/i> <h6 class=\"service-heading\" >3D Design Service<\/h6><\/div><\/div><\/div><\/div><\/div><\/div><\/div><\/div><\/div><\/div><div class=\"vc_row-full-width vc_clearfix\"><\/div><div id=\"teklifal\" data-vc-full-width=\"true\" data-vc-full-width-init=\"false\" data-vc-kd-parallax=\"1.4\" class=\"vc_row wpb_row vc_row-fluid vc_custom_1603044897525 vc_row-has-fill vc_general kd_vc_parallax kd_vc_parallax-content-moving\"><div class=\"parallax-overlay\" data-vc-kd-parallax=\"1.4\"><\/div><div class=\"kd-overlay\"  style=\"background-color:rgba(0,0,0,0.7);\"><\/div><div class=\"wpb_column vc_column_container vc_col-sm-12\"><div class=\"vc_column-inner vc_custom_1516095225433\"><div class=\"wpb_wrapper\"><div class=\"vc_row wpb_row vc_inner vc_row-fluid vc_custom_1555673013129 vc_row-has-padding-top vc_row-has-padding-bottom\"><div class=\"wpb_column vc_column_container vc_col-sm-1\"><div class=\"vc_column-inner vc_custom_1515166784808\"><div class=\"wpb_wrapper\"><\/div><\/div><\/div><div class=\"wpb_column vc_column_container vc_col-sm-4\"><div class=\"vc_column-inner\"><div class=\"wpb_wrapper\"><header class=\"kd-section-title col-lg-12 text-left  kd-animated fadeIn   vc_custom_1603044746078\" data-animation-delay=\"200\"><h2 class=\"separator_off\" style=\"color: #ffffff;\">Konesta Yap\u0131 provides maximum benefit with minimum cost.<\/h2><h6 class=\"subtitle\" style=\"color: #eeeeee;\">By filling out the contact form, you can take the first step to maximize your experience with the service you need!<\/h6><\/header><\/div><\/div><\/div><div class=\"wpb_column vc_column_container vc_col-sm-1\"><div class=\"vc_column-inner\"><div class=\"wpb_wrapper\"><\/div><\/div><\/div><div class=\"wpb_column vc_column_container vc_col-sm-5\"><div class=\"vc_column-inner\"><div class=\"wpb_wrapper\"><h4 style=\"color: #ffffff;text-align: left\" class=\"vc_custom_heading wpb_animate_when_almost_visible wpb_fadeIn fadeIn vc_custom_1603044762812\" >We will contact with you as soon as possible.<\/h4><div class=\"kd-contact-form full-width-cf white-input-bg\" >\n<div class=\"wpcf7 no-js\" id=\"wpcf7-f4439-o1\" lang=\"en-US\" dir=\"ltr\">\n<div class=\"screen-reader-response\"><p role=\"status\" aria-live=\"polite\" aria-atomic=\"true\"><\/p> <ul><\/ul><\/div>\n<form action=\"\/en\/wp-json\/wp\/v2\/pages\/7827#wpcf7-f4439-o1\" method=\"post\" class=\"wpcf7-form init\" aria-label=\"Contact form\" novalidate=\"novalidate\" data-status=\"init\" data-trp-original-action=\"\/en\/wp-json\/wp\/v2\/pages\/7827#wpcf7-f4439-o1\">\n<div style=\"display: none;\">\n<input type=\"hidden\" name=\"_wpcf7\" value=\"4439\" \/>\n<input type=\"hidden\" name=\"_wpcf7_version\" value=\"5.9.4\" \/>\n<input type=\"hidden\" name=\"_wpcf7_locale\" value=\"en_US\" \/>\n<input type=\"hidden\" name=\"_wpcf7_unit_tag\" value=\"wpcf7-f4439-o1\" \/>\n<input type=\"hidden\" name=\"_wpcf7_container_post\" value=\"0\" \/>\n<input type=\"hidden\" name=\"_wpcf7_posted_data_hash\" value=\"\" \/>\n<input type=\"hidden\" name=\"_wpcf7_recaptcha_response\" value=\"\" \/>\n<\/div>\n<p><span class=\"wpcf7-form-control-wrap\" data-name=\"your-name\"><input size=\"40\" class=\"wpcf7-form-control wpcf7-text wpcf7-validates-as-required\" aria-required=\"true\" aria-invalid=\"false\" placeholder=\"Your name\" value=\"\" type=\"text\" name=\"your-name\" \/><\/span><br \/>\n<span class=\"wpcf7-form-control-wrap\" data-name=\"your-phone\"><input size=\"40\" class=\"wpcf7-form-control wpcf7-tel wpcf7-validates-as-required wpcf7-text wpcf7-validates-as-tel\" aria-required=\"true\" aria-invalid=\"false\" placeholder=\"Telephone\" value=\"\" type=\"tel\" name=\"your-phone\" \/><\/span><br \/>\n<span class=\"wpcf7-form-control-wrap\" data-name=\"your-email\"><input size=\"40\" class=\"wpcf7-form-control wpcf7-email wpcf7-validates-as-required wpcf7-text wpcf7-validates-as-email\" aria-required=\"true\" aria-invalid=\"false\" placeholder=\"Email\" value=\"\" type=\"email\" name=\"your-email\" \/><\/span>\n<\/p>\n<p class=\"yapicozumu\">Demanded Building Solution\n<\/p>\n<p><span class=\"wpcf7-form-control-wrap\" data-name=\"teklifal\"><select class=\"wpcf7-form-control wpcf7-select wpcf7-validates-as-required\" aria-required=\"true\" aria-invalid=\"false\" name=\"teklifal\"><option value=\"\">&#8212;Please choose an option&#8212;<\/option><option value=\"Hafif \u00c7elik\">Light Steel<\/option><option value=\"Yap\u0131sal \u00c7elik\">Structural Steel<\/option><option value=\"Konteyner\">Container<\/option><option value=\"\u015eantiye &amp; Kamp Binas\u0131\">Site &amp; Camp Building<\/option><option value=\"Fonksiyonel Binalar\">Functional Buildings<\/option><option value=\"Prefabrik\">Prefabricated<\/option><option value=\"\u00d6n \u00dcretimli Konut\">Pre-Engineered Housing<\/option><option value=\"Kabinler\">Cabins<\/option><\/select><\/span>\n<\/p>\n<p><input class=\"wpcf7-form-control wpcf7-submit has-spinner\" type=\"submit\" value=\"Send\" \/>\n<\/p><div class=\"wpcf7-response-output\" aria-hidden=\"true\"><\/div>\n<input type=\"hidden\" name=\"trp-form-language\" value=\"en\"\/><\/form>\n<\/div>\n<\/div><\/div><\/div><\/div><div class=\"wpb_column vc_column_container vc_col-sm-1\"><div class=\"vc_column-inner\"><div class=\"wpb_wrapper\"><\/div><\/div><\/div><\/div><\/div><\/div><\/div><\/div><div class=\"vc_row-full-width vc_clearfix\"><\/div>\n<\/section>","protected":false},"excerpt":{"rendered":"Construction Sites and Camp Buildings Villa Sites Hobby Gardens Real Estate Investment Consultancy Assembly Disassembly and Second Hand Service Static Report and [...]","protected":false},"author":1,"featured_media":0,"parent":0,"menu_order":0,"comment_status":"closed","ping_status":"closed","template":"","meta":{"_joinchat":[],"footnotes":""},"class_list":["post-7827","page","type-page","status-publish","hentry"],"yoast_head":"<!-- This site is optimized with the Yoast SEO plugin v22.7 - https:\/\/yoast.com\/wordpress\/plugins\/seo\/ -->\n<title>Hizmetlerimiz | KONESTA<\/title>\n<meta name=\"robots\" content=\"index, follow, max-snippet:-1, max-image-preview:large, max-video-preview:-1\" \/>\n<link rel=\"canonical\" href=\"https:\/\/konesta.com\/en\/hizmetlerimiz\/\" \/>\n<meta property=\"og:locale\" content=\"en_US\" \/>\n<meta property=\"og:type\" content=\"article\" \/>\n<meta property=\"og:title\" content=\"Hizmetlerimiz | KONESTA\" \/>\n<meta property=\"og:url\" content=\"https:\/\/konesta.com\/en\/hizmetlerimiz\/\" \/>\n<meta property=\"og:site_name\" content=\"KONESTA\" \/>\n<meta property=\"article:modified_time\" content=\"2020-10-27T10:23:12+00:00\" \/>\n<meta name=\"twitter:card\" content=\"summary_large_image\" \/>\n<meta name=\"twitter:label1\" content=\"Est. reading time\" \/>\n\t<meta name=\"twitter:data1\" content=\"4 minutes\" \/>\n<script type=\"application\/ld+json\" class=\"yoast-schema-graph\">{\"@context\":\"https:\/\/schema.org\",\"@graph\":[{\"@type\":\"WebPage\",\"@id\":\"https:\/\/konesta.com\/hizmetlerimiz\/\",\"url\":\"https:\/\/konesta.com\/hizmetlerimiz\/\",\"name\":\"Hizmetlerimiz | KONESTA\",\"isPartOf\":{\"@id\":\"https:\/\/konesta.com\/#website\"},\"datePublished\":\"2020-10-26T07:26:30+00:00\",\"dateModified\":\"2020-10-27T10:23:12+00:00\",\"breadcrumb\":{\"@id\":\"https:\/\/konesta.com\/hizmetlerimiz\/#breadcrumb\"},\"inLanguage\":\"en-US\",\"potentialAction\":[{\"@type\":\"ReadAction\",\"target\":[\"https:\/\/konesta.com\/hizmetlerimiz\/\"]}]},{\"@type\":\"BreadcrumbList\",\"@id\":\"https:\/\/konesta.com\/hizmetlerimiz\/#breadcrumb\",\"itemListElement\":[{\"@type\":\"ListItem\",\"position\":1,\"name\":\"Ana sayfa\",\"item\":\"https:\/\/konesta.com\/\"},{\"@type\":\"ListItem\",\"position\":2,\"name\":\"Hizmetlerimiz\"}]},{\"@type\":\"WebSite\",\"@id\":\"https:\/\/konesta.com\/#website\",\"url\":\"https:\/\/konesta.com\/\",\"name\":\"KONESTA\",\"description\":\"Hafif \u00c7elik, Yap\u0131sal \u00c7elik, Prefabrik, Konteyner\",\"publisher\":{\"@id\":\"https:\/\/konesta.com\/#organization\"},\"potentialAction\":[{\"@type\":\"SearchAction\",\"target\":{\"@type\":\"EntryPoint\",\"urlTemplate\":\"https:\/\/konesta.com\/?s={search_term_string}\"},\"query-input\":\"required name=search_term_string\"}],\"inLanguage\":\"en-US\"},{\"@type\":\"Organization\",\"@id\":\"https:\/\/konesta.com\/#organization\",\"name\":\"Konesta Yap\u0131 \u00c7\u00f6z\u00fcmleri San ve Tic A.\u015e\",\"url\":\"https:\/\/konesta.com\/\",\"logo\":{\"@type\":\"ImageObject\",\"inLanguage\":\"en-US\",\"@id\":\"https:\/\/konesta.com\/#\/schema\/logo\/image\/\",\"url\":\"http:\/\/konesta.com\/wp-content\/uploads\/2021\/04\/konestanon.png\",\"contentUrl\":\"http:\/\/konesta.com\/wp-content\/uploads\/2021\/04\/konestanon.png\",\"width\":854,\"height\":854,\"caption\":\"Konesta Yap\u0131 \u00c7\u00f6z\u00fcmleri San ve Tic A.\u015e\"},\"image\":{\"@id\":\"https:\/\/konesta.com\/#\/schema\/logo\/image\/\"}}]}<\/script>\n<!-- \/ Yoast SEO plugin. -->","yoast_head_json":{"title":"Hizmetlerimiz | KONESTA","robots":{"index":"index","follow":"follow","max-snippet":"max-snippet:-1","max-image-preview":"max-image-preview:large","max-video-preview":"max-video-preview:-1"},"canonical":"https:\/\/konesta.com\/en\/hizmetlerimiz\/","og_locale":"en_US","og_type":"article","og_title":"Hizmetlerimiz | KONESTA","og_url":"https:\/\/konesta.com\/en\/hizmetlerimiz\/","og_site_name":"KONESTA","article_modified_time":"2020-10-27T10:23:12+00:00","twitter_card":"summary_large_image","twitter_misc":{"Est. reading time":"4 minutes"},"schema":{"@context":"https:\/\/schema.org","@graph":[{"@type":"WebPage","@id":"https:\/\/konesta.com\/hizmetlerimiz\/","url":"https:\/\/konesta.com\/hizmetlerimiz\/","name":"Hizmetlerimiz | KONESTA","isPartOf":{"@id":"https:\/\/konesta.com\/#website"},"datePublished":"2020-10-26T07:26:30+00:00","dateModified":"2020-10-27T10:23:12+00:00","breadcrumb":{"@id":"https:\/\/konesta.com\/hizmetlerimiz\/#breadcrumb"},"inLanguage":"en-US","potentialAction":[{"@type":"ReadAction","target":["https:\/\/konesta.com\/hizmetlerimiz\/"]}]},{"@type":"BreadcrumbList","@id":"https:\/\/konesta.com\/hizmetlerimiz\/#breadcrumb","itemListElement":[{"@type":"ListItem","position":1,"name":"Ana sayfa","item":"https:\/\/konesta.com\/"},{"@type":"ListItem","position":2,"name":"Hizmetlerimiz"}]},{"@type":"WebSite","@id":"https:\/\/konesta.com\/#website","url":"https:\/\/konesta.com\/","name":"KONESTA","description":"Hafif \u00c7elik, Yap\u0131sal \u00c7elik, Prefabrik, Konteyner","publisher":{"@id":"https:\/\/konesta.com\/#organization"},"potentialAction":[{"@type":"SearchAction","target":{"@type":"EntryPoint","urlTemplate":"https:\/\/konesta.com\/?s={search_term_string}"},"query-input":"required name=search_term_string"}],"inLanguage":"en-US"},{"@type":"Organization","@id":"https:\/\/konesta.com\/#organization","name":"Konesta Yap\u0131 \u00c7\u00f6z\u00fcmleri San ve Tic A.\u015e","url":"https:\/\/konesta.com\/","logo":{"@type":"ImageObject","inLanguage":"en-US","@id":"https:\/\/konesta.com\/#\/schema\/logo\/image\/","url":"http:\/\/konesta.com\/wp-content\/uploads\/2021\/04\/konestanon.png","contentUrl":"http:\/\/konesta.com\/wp-content\/uploads\/2021\/04\/konestanon.png","width":854,"height":854,"caption":"Konesta Yap\u0131 \u00c7\u00f6z\u00fcmleri San ve Tic A.\u015e"},"image":{"@id":"https:\/\/konesta.com\/#\/schema\/logo\/image\/"}}]}},"_links":{"self":[{"href":"https:\/\/konesta.com\/en\/wp-json\/wp\/v2\/pages\/7827","targetHints":{"allow":["GET"]}}],"collection":[{"href":"https:\/\/konesta.com\/en\/wp-json\/wp\/v2\/pages"}],"about":[{"href":"https:\/\/konesta.com\/en\/wp-json\/wp\/v2\/types\/page"}],"author":[{"embeddable":true,"href":"https:\/\/konesta.com\/en\/wp-json\/wp\/v2\/users\/1"}],"replies":[{"embeddable":true,"href":"https:\/\/konesta.com\/en\/wp-json\/wp\/v2\/comments?post=7827"}],"version-history":[{"count":0,"href":"https:\/\/konesta.com\/en\/wp-json\/wp\/v2\/pages\/7827\/revisions"}],"wp:attachment":[{"href":"https:\/\/konesta.com\/en\/wp-json\/wp\/v2\/media?parent=7827"}],"curies":[{"name":"wp","href":"https:\/\/api.w.org\/{rel}","templated":true}]}}